{"id":445,"date":"2026-01-31T19:52:20","date_gmt":"2026-01-31T18:52:20","guid":{"rendered":"https:\/\/www.ontinyentrecicla.es\/donde-va-cada-residuo\/"},"modified":"2026-02-24T15:40:43","modified_gmt":"2026-02-24T14:40:43","slug":"donde-va-cada-residuo","status":"publish","type":"page","link":"https:\/\/www.ontinyentrecicla.es\/es\/donde-va-cada-residuo\/","title":{"rendered":"D\u00f3nde va cada residuo"},"content":{"rendered":"<div class=\"et_pb_section_0 et_pb_section et_section_regular et_flex_section preset--module--divi-section--56gyewhcdb\">\n<div class=\"et_pb_row_0 et_pb_row et_flex_row\">\n<div class=\"et_pb_column_0 et_pb_column et-last-child et_flex_column et_pb_css_mix_blend_mode_passthrough et_flex_column_24_24 et_flex_column_24_24_tablet et_flex_column_24_24_phone\">\n<div class=\"et_pb_text_0 et_pb_text et_pb_bg_layout_light et_pb_module et_flex_module preset--module--divi-text--default\"><div class=\"et_pb_text_inner\"><h1>\u00bfD\u00f3nde va<br \/>cada residuo?<\/h1>\n<\/div><\/div>\n<\/div>\n<\/div>\n<\/div>\n\n<div class=\"et_pb_section_1 et_pb_section et_section_regular et_flex_section\">\n<div class=\"et_pb_row_1 et_pb_row et_flex_row\">\n<div class=\"et_pb_column_1 et_pb_column et-last-child et_flex_column et_pb_css_mix_blend_mode_passthrough et_flex_column_24_24 et_flex_column_24_24_tablet et_flex_column_24_24_phone\">\n<div class=\"et_pb_toggle_0 et_pb_toggle et_pb_toggle_item et_pb_toggle_close et_animated et_pb_module et_flex_module desplegable-on-va-cada-residu preset--module--divi-toggle--9okfe10z5g\"><h3 class=\"et_pb_toggle_title\">Org\u00e1nica Siempre dentro de una bolsa compostable <\/h3><div class=\"et_pb_toggle_content clearfix et_flex_module\">\n<div class=\"et_pb_row_2 et_pb_row et_pb_row_nested et_flex_row\">\n<div class=\"et_pb_column_2 et_pb_column et_flex_column et_pb_css_mix_blend_mode_passthrough et_flex_column_12_24 et_flex_column_12_24_tablet et_flex_column_24_24_phone\">\n<div class=\"et_pb_image_0 et_pb_image et_pb_module et_flex_module\"><span class=\"et_pb_image_wrap\"><img loading=\"lazy\" decoding=\"async\" src=\"https:\/\/www.ontinyentrecicla.es\/wp-content\/uploads\/2026\/01\/on-va-cada-residu-organica.png\" title=\"Org\u00e0nica\" width=\"750\" height=\"750\" srcset=\"https:\/\/www.ontinyentrecicla.es\/wp-content\/uploads\/2026\/01\/on-va-cada-residu-organica.png 750w, https:\/\/www.ontinyentrecicla.es\/wp-content\/uploads\/2026\/01\/on-va-cada-residu-organica-480x480.png 480w\" sizes=\"(min-width: 0px) and (max-width: 480px) 480px, (min-width: 481px) 750px, 100vw\" class=\"wp-image-77\" \/><\/span><\/div>\n<\/div>\n\n<div class=\"et_pb_column_3 et_pb_column et-last-child et_flex_column et_pb_css_mix_blend_mode_passthrough et_flex_column_12_24 et_flex_column_12_24_tablet et_flex_column_24_24_phone\">\n<div class=\"et_pb_text_1 et_pb_text et_pb_bg_layout_light et_pb_module et_flex_module preset--module--divi-text--default\"><div class=\"et_pb_text_inner\"><p>Restos de fruta y verdura, restos de carne y pescado, restos de comida cocinada, c\u00e1scaras de huevo, de marisco y de frutos secos, posos de caf\u00e9, restos y sobrecitos de infusiones, servilletas de papel y papel de cocina sucios de comida, tapones de corcho, cerillas, palillos y peque\u00f1as maderas.<\/p>\n<p>&nbsp;<\/p>\n<\/div><\/div>\n<\/div>\n<\/div>\n<\/div><\/div>\n\n<div class=\"et_pb_toggle_1 et_pb_toggle et_pb_toggle_item et_pb_toggle_close et_animated et_pb_module et_flex_module desplegable-on-va-cada-residu preset--module--divi-toggle--9okfe10z5g\"><h3 class=\"et_pb_toggle_title\">Envases Siempre dentro de una bolsa y compactados para reducir su volumen <\/h3><div class=\"et_pb_toggle_content clearfix et_flex_module\">\n<div class=\"et_pb_row_3 et_pb_row et_pb_row_nested et_flex_row\">\n<div class=\"et_pb_column_4 et_pb_column et_flex_column et_pb_css_mix_blend_mode_passthrough et_flex_column_12_24 et_flex_column_12_24_tablet et_flex_column_24_24_phone\">\n<div class=\"et_pb_image_1 et_pb_image et_pb_module et_flex_module\"><span class=\"et_pb_image_wrap\"><img loading=\"lazy\" decoding=\"async\" src=\"https:\/\/www.ontinyentrecicla.es\/wp-content\/uploads\/2026\/01\/on-va-cada-residu-envasos.png\" title=\"Envasos\" width=\"750\" height=\"750\" srcset=\"https:\/\/www.ontinyentrecicla.es\/wp-content\/uploads\/2026\/01\/on-va-cada-residu-envasos.png 750w, https:\/\/www.ontinyentrecicla.es\/wp-content\/uploads\/2026\/01\/on-va-cada-residu-envasos-480x480.png 480w\" sizes=\"(min-width: 0px) and (max-width: 480px) 480px, (min-width: 481px) 750px, 100vw\" class=\"wp-image-79\" \/><\/span><\/div>\n<\/div>\n\n<div class=\"et_pb_column_5 et_pb_column et-last-child et_flex_column et_pb_css_mix_blend_mode_passthrough et_flex_column_12_24 et_flex_column_12_24_tablet et_flex_column_24_24_phone\">\n<div class=\"et_pb_text_2 et_pb_text et_pb_bg_layout_light et_pb_module et_flex_module preset--module--divi-text--default\"><div class=\"et_pb_text_inner\"><p>Envases de pl\u00e1stico, bolsas y embalajes de pl\u00e1stico, envases met\u00e1licos y llantas, sprays vac\u00edos, briks, bandejas de porexp\u00e1n, cajas de madera peque\u00f1as, papel de aluminio, papel transparente (film), chapas y tapones met\u00e1licos.<\/p>\n<\/div><\/div>\n<\/div>\n<\/div>\n<\/div><\/div>\n\n<div class=\"et_pb_toggle_2 et_pb_toggle et_pb_toggle_item et_pb_toggle_close et_animated et_pb_module et_flex_module desplegable-on-va-cada-residu preset--module--divi-toggle--9okfe10z5g\"><h3 class=\"et_pb_toggle_title\">Papel y cart\u00f3n | Siempre bien doblado<\/h3><div class=\"et_pb_toggle_content clearfix et_flex_module\">\n<div class=\"et_pb_row_4 et_pb_row et_pb_row_nested et_flex_row\">\n<div class=\"et_pb_column_6 et_pb_column et_flex_column et_pb_css_mix_blend_mode_passthrough et_flex_column_12_24 et_flex_column_12_24_tablet et_flex_column_24_24_phone\">\n<div class=\"et_pb_image_2 et_pb_image et_pb_module et_flex_module\"><span class=\"et_pb_image_wrap\"><img loading=\"lazy\" decoding=\"async\" src=\"https:\/\/www.ontinyentrecicla.es\/wp-content\/uploads\/2026\/01\/on-va-cada-residu-paper.png\" title=\"Paper\" width=\"750\" height=\"750\" srcset=\"https:\/\/www.ontinyentrecicla.es\/wp-content\/uploads\/2026\/01\/on-va-cada-residu-paper.png 750w, https:\/\/www.ontinyentrecicla.es\/wp-content\/uploads\/2026\/01\/on-va-cada-residu-paper-480x480.png 480w\" sizes=\"(min-width: 0px) and (max-width: 480px) 480px, (min-width: 481px) 750px, 100vw\" class=\"wp-image-80\" \/><\/span><\/div>\n<\/div>\n\n<div class=\"et_pb_column_7 et_pb_column et-last-child et_flex_column et_pb_css_mix_blend_mode_passthrough et_flex_column_12_24 et_flex_column_12_24_tablet et_flex_column_24_24_phone\">\n<div class=\"et_pb_text_3 et_pb_text et_pb_bg_layout_light et_pb_module et_flex_module preset--module--divi-text--default\"><div class=\"et_pb_text_inner\"><p>Cajas y envases de cart\u00f3n, papel usado, embalajes de papel, mantel de papel, peri\u00f3dicos y revistas, sobres y cartas, hueveras de cart\u00f3n.<\/p>\n<\/div><\/div>\n<\/div>\n<\/div>\n<\/div><\/div>\n\n<div class=\"et_pb_toggle_3 et_pb_toggle et_pb_toggle_item et_pb_toggle_close et_animated et_pb_module et_flex_module desplegable-on-va-cada-residu preset--module--divi-toggle--9okfe10z5g\"><h3 class=\"et_pb_toggle_title\">Vidrio | Siempre sin tapones ni tapas<\/h3><div class=\"et_pb_toggle_content clearfix et_flex_module\">\n<div class=\"et_pb_row_5 et_pb_row et_pb_row_nested et_flex_row\">\n<div class=\"et_pb_column_8 et_pb_column et_flex_column et_pb_css_mix_blend_mode_passthrough et_flex_column_12_24 et_flex_column_12_24_tablet et_flex_column_24_24_phone\">\n<div class=\"et_pb_image_3 et_pb_image et_pb_module et_flex_module\"><span class=\"et_pb_image_wrap\"><img loading=\"lazy\" decoding=\"async\" src=\"https:\/\/www.ontinyentrecicla.es\/wp-content\/uploads\/2026\/01\/on-va-cada-residu-vidre.png\" title=\"Vidre\" width=\"750\" height=\"750\" srcset=\"https:\/\/www.ontinyentrecicla.es\/wp-content\/uploads\/2026\/01\/on-va-cada-residu-vidre.png 750w, https:\/\/www.ontinyentrecicla.es\/wp-content\/uploads\/2026\/01\/on-va-cada-residu-vidre-480x480.png 480w\" sizes=\"(min-width: 0px) and (max-width: 480px) 480px, (min-width: 481px) 750px, 100vw\" class=\"wp-image-82\" \/><\/span><\/div>\n<\/div>\n\n<div class=\"et_pb_column_9 et_pb_column et-last-child et_flex_column et_pb_css_mix_blend_mode_passthrough et_flex_column_12_24 et_flex_column_12_24_tablet et_flex_column_24_24_phone\">\n<div class=\"et_pb_text_4 et_pb_text et_pb_bg_layout_light et_pb_module et_flex_module preset--module--divi-text--default\"><div class=\"et_pb_text_inner\"><p>Botellas y tarros de vidrio, frascos y otros envases de vidrio.<\/p>\n<p>&nbsp;<\/p>\n<\/div><\/div>\n<\/div>\n<\/div>\n<\/div><\/div>\n\n<div class=\"et_pb_toggle_4 et_pb_toggle et_pb_toggle_item et_pb_toggle_close et_animated et_pb_module et_flex_module desplegable-on-va-cada-residu preset--module--divi-toggle--9okfe10z5g\"><h3 class=\"et_pb_toggle_title\">Resto | La fracci\u00f3n resto es lo que no podemos reciclar. Si lo separamos todo correctamente, pr\u00e1cticamente no generamos resto <\/h3><div class=\"et_pb_toggle_content clearfix et_flex_module\">\n<div class=\"et_pb_row_6 et_pb_row et_pb_row_nested et_flex_row\">\n<div class=\"et_pb_column_10 et_pb_column et_flex_column et_pb_css_mix_blend_mode_passthrough et_flex_column_12_24 et_flex_column_12_24_tablet et_flex_column_24_24_phone\">\n<div class=\"et_pb_image_4 et_pb_image et_pb_module et_flex_module\"><span class=\"et_pb_image_wrap\"><img loading=\"lazy\" decoding=\"async\" src=\"https:\/\/www.ontinyentrecicla.es\/wp-content\/uploads\/2026\/01\/on-va-cada-residu-resta.png\" title=\"Resta\" width=\"750\" height=\"750\" srcset=\"https:\/\/www.ontinyentrecicla.es\/wp-content\/uploads\/2026\/01\/on-va-cada-residu-resta.png 750w, https:\/\/www.ontinyentrecicla.es\/wp-content\/uploads\/2026\/01\/on-va-cada-residu-resta-480x480.png 480w\" sizes=\"(min-width: 0px) and (max-width: 480px) 480px, (min-width: 481px) 750px, 100vw\" class=\"wp-image-81\" \/><\/span><\/div>\n<\/div>\n\n<div class=\"et_pb_column_11 et_pb_column et-last-child et_flex_column et_pb_css_mix_blend_mode_passthrough et_flex_column_12_24 et_flex_column_12_24_tablet et_flex_column_24_24_phone\">\n<div class=\"et_pb_text_5 et_pb_text et_pb_bg_layout_light et_pb_module et_flex_module preset--module--divi-text--default\"><div class=\"et_pb_text_inner\"><p>Estropajos, trapos y bayetas, polvo de barrer, platos, vasos y tazas rotas, cer\u00e1mica rota, utensilios de cuidados y de higiene personal, bol\u00edgrafos, l\u00e1pices y rotuladores, cabellos, cenizas, colillas de cigarrillo, compresas y pa\u00f1ales. <\/p>\n<\/div><\/div>\n<\/div>\n<\/div>\n<\/div><\/div>\n\n<div class=\"et_pb_toggle_5 et_pb_toggle et_pb_toggle_item et_pb_toggle_close et_animated et_pb_module et_flex_module desplegable-on-va-cada-residu preset--module--divi-toggle--9okfe10z5g\"><h3 class=\"et_pb_toggle_title\">Otros residuos<\/h3><div class=\"et_pb_toggle_content clearfix et_flex_module\">\n<div class=\"et_pb_row_7 et_pb_row et_pb_row_nested et_flex_row\">\n<div class=\"et_pb_column_12 et_pb_column et_flex_column et_pb_css_mix_blend_mode_passthrough et_flex_column_8_24 et_flex_column_8_24_tablet et_flex_column_24_24_phone\">\n<div class=\"et_pb_image_5 et_pb_image et_pb_module et_flex_module\"><span class=\"et_pb_image_wrap\"><img loading=\"lazy\" decoding=\"async\" src=\"https:\/\/www.ontinyentrecicla.es\/wp-content\/uploads\/2026\/01\/on-va-cada-residu-voluminosos.png\" title=\"Voluminosos\" width=\"262\" height=\"262\" srcset=\"https:\/\/www.ontinyentrecicla.es\/wp-content\/uploads\/2026\/01\/on-va-cada-residu-voluminosos.png 262w, https:\/\/www.ontinyentrecicla.es\/wp-content\/uploads\/2026\/01\/on-va-cada-residu-voluminosos-150x150.png 150w\" sizes=\"(max-width: 262px) 100vw, 262px\" class=\"wp-image-86\" \/><\/span><\/div>\n\n<div class=\"et_pb_text_6 et_pb_text et_pb_bg_layout_light et_pb_module et_flex_module preset--group--divi-text--divi-css--f6795r8i9t preset--module--divi-text--default\"><div class=\"et_pb_text_inner\"><h5>Voluminosos<\/h5>\n<p>Recogida gratuita concertada. <a href=\"https:\/\/www.ontinyentrecicla.es\/es\/sistema-de-recogida\/#desp-voluminosos\">Clica aqu\u00ed<\/a> para saber c\u00f3mo funciona.<\/p>\n<\/div><\/div>\n\n<div class=\"et_pb_text_7 et_pb_text et_pb_bg_layout_light et_pb_module et_flex_module preset--module--divi-text--default\"><div class=\"et_pb_text_inner\"><p data-start=\"153\" data-end=\"183\"><strong data-start=\"153\" data-end=\"183\">Qu\u00e9 recoge este servicio<\/strong><\/p>\n<p data-start=\"186\" data-end=\"224\">Muebles y enseres dom\u00e9sticos voluminosos.<\/p>\n<p data-start=\"227\" data-end=\"371\"><strong data-start=\"227\" data-end=\"247\">RAEE voluminosos<\/strong> (residuos de aparatos el\u00e9ctricos y electr\u00f3nicos): electrodom\u00e9sticos, televisores, estufas el\u00e9ctricas, l\u00e1mparas, ordenadores, etc.<\/p>\n<p data-start=\"373\" data-end=\"395\"><strong data-start=\"373\" data-end=\"395\">Qu\u00e9 NO se recoge<\/strong><\/p>\n<p data-start=\"398\" data-end=\"490\">Residuos de actividades econ\u00f3micas (comercios y servicios), aunque se asemejan a los dom\u00e9sticos.<\/p>\n<p data-start=\"493\" data-end=\"540\">Residuos de construcci\u00f3n y demolici\u00f3n (escombros).<\/p>\n<p data-start=\"543\" data-end=\"550\">Pal\u00e9s.<\/p>\n<p data-start=\"553\" data-end=\"575\">Neum\u00e1ticos y bater\u00edas.<\/p>\n<p data-start=\"578\" data-end=\"680\">Residuos con sustancias peligrosas o t\u00f3xicas (pinturas, disolventes, luminarias fluorescentes, etc.).<\/p>\n<p data-start=\"683\" data-end=\"767\">Residuos punzantes, cortantes o que puedan suponer un riesgo para el personal del servicio.<\/p>\n<p data-start=\"769\" data-end=\"781\"><strong data-start=\"769\" data-end=\"781\">Excepci\u00f3n<\/strong><\/p>\n<p data-start=\"784\" data-end=\"893\">Los aparatos que contengan CFC (como frigor\u00edficos y compresores) s\u00ed se recogen dentro de este servicio.<\/p>\n<\/div><\/div>\n<\/div>\n\n<div class=\"et_pb_column_13 et_pb_column et_flex_column et_pb_css_mix_blend_mode_passthrough et_flex_column_8_24 et_flex_column_8_24_tablet et_flex_column_24_24_phone\">\n<div class=\"et_pb_image_6 et_pb_image et_pb_module et_flex_module\"><span class=\"et_pb_image_wrap\"><img loading=\"lazy\" decoding=\"async\" src=\"https:\/\/www.ontinyentrecicla.es\/wp-content\/uploads\/2026\/01\/on-va-cada-residu-oli-textil.png\" title=\"Oli i t\u00e8xtil\" width=\"262\" height=\"262\" srcset=\"https:\/\/www.ontinyentrecicla.es\/wp-content\/uploads\/2026\/01\/on-va-cada-residu-oli-textil.png 262w, https:\/\/www.ontinyentrecicla.es\/wp-content\/uploads\/2026\/01\/on-va-cada-residu-oli-textil-150x150.png 150w\" sizes=\"(max-width: 262px) 100vw, 262px\" class=\"wp-image-83\" \/><\/span><\/div>\n\n<div class=\"et_pb_text_8 et_pb_text et_pb_bg_layout_light et_pb_module et_flex_module preset--group--divi-text--divi-css--f6795r8i9t preset--module--divi-text--default\"><div class=\"et_pb_text_inner\"><h5>Aceite, ropa y t\u00e9xtil sanitario<\/h5>\n<p>En los contenedores de la v\u00eda p\u00fablica o en el ECOPARQUE.<\/p>\n<\/div><\/div>\n\n<div class=\"et_pb_text_9 et_pb_text et_pb_bg_layout_light et_pb_module et_flex_module preset--module--divi-text--default\"><div class=\"et_pb_text_inner\"><p><strong>Aceite:<\/strong> grasas de origen animal o vegetal (aceites de oliva, de girasol, de colza, mantequilla, etc.) usados \u200b\u200bpara cocinar alimentos.<\/p>\n<p><br data-start=\"224\" data-end=\"227\"><strong>Textil sanitari:<\/strong> Textil sanitario: Son residuos que se consideran fracci\u00f3n resto, pero que por su naturaleza no se pueden guardar en casa y requieren un tratamiento espec\u00edfico, como pa\u00f1ales o heces de animales dom\u00e9sticos.<\/p>\n<p><br data-start=\"449\" data-end=\"452\"><strong>Ropa:<\/strong> materiales textiles provenientes de particulares, tales como ropa, calzado, complementos o textiles para el hogar en desuso.<\/p>\n<\/div><\/div>\n<\/div>\n\n<div class=\"et_pb_column_14 et_pb_column et-last-child et_flex_column et_pb_css_mix_blend_mode_passthrough et_flex_column_8_24 et_flex_column_8_24_tablet et_flex_column_24_24_phone\">\n<div class=\"et_pb_image_7 et_pb_image et_pb_module et_flex_module\"><span class=\"et_pb_image_wrap\"><img loading=\"lazy\" decoding=\"async\" src=\"https:\/\/www.ontinyentrecicla.es\/wp-content\/uploads\/2026\/01\/on-va-cada-residu-poda.png\" title=\"Poda\" width=\"262\" height=\"262\" srcset=\"https:\/\/www.ontinyentrecicla.es\/wp-content\/uploads\/2026\/01\/on-va-cada-residu-poda.png 262w, https:\/\/www.ontinyentrecicla.es\/wp-content\/uploads\/2026\/01\/on-va-cada-residu-poda-150x150.png 150w\" sizes=\"(max-width: 262px) 100vw, 262px\" class=\"wp-image-85\" \/><\/span><\/div>\n\n<div class=\"et_pb_text_10 et_pb_text et_pb_bg_layout_light et_pb_module et_flex_module preset--group--divi-text--divi-css--f6795r8i9t preset--module--divi-text--default\"><div class=\"et_pb_text_inner\"><h5>Poda<\/h5>\n<p>Recogida gratuita concertada.<br \/><a href=\"https:\/\/www.ontinyentrecicla.es\/es\/sistema-de-recogida\/#desp-poda\">Clica aqu\u00ed<\/a> para saber c\u00f3mo funciona.<\/p>\n<\/div><\/div>\n\n<div class=\"et_pb_image_8 et_pb_image et_pb_module et_flex_module\"><span class=\"et_pb_image_wrap\"><img loading=\"lazy\" decoding=\"async\" src=\"https:\/\/www.ontinyentrecicla.es\/wp-content\/uploads\/2026\/01\/on-va-cada-residu-perillosos.png\" title=\"Residus especials i\/o perillosos\" width=\"262\" height=\"262\" srcset=\"https:\/\/www.ontinyentrecicla.es\/wp-content\/uploads\/2026\/01\/on-va-cada-residu-perillosos.png 262w, https:\/\/www.ontinyentrecicla.es\/wp-content\/uploads\/2026\/01\/on-va-cada-residu-perillosos-150x150.png 150w\" sizes=\"(max-width: 262px) 100vw, 262px\" class=\"wp-image-84\" \/><\/span><\/div>\n\n<div class=\"et_pb_text_11 et_pb_text et_pb_bg_layout_light et_pb_module et_flex_module preset--group--divi-text--divi-css--f6795r8i9t preset--module--divi-text--default\"><div class=\"et_pb_text_inner\"><h5>Residuos especiales<br \/>y\/o peligrosos<\/h5>\n<p>al ECOPARQUE.<\/p>\n<\/div><\/div>\n<\/div>\n<\/div>\n<\/div><\/div>\n<\/div>\n<\/div>\n<\/div>","protected":false},"excerpt":{"rendered":"<p>Ontinyent inicia un nuevo servicio de recogida de residuos.<\/p>\n","protected":false},"author":1,"featured_media":326,"parent":0,"menu_order":18,"comment_status":"closed","ping_status":"closed","template":"","meta":{"inline_featured_image":false,"footnotes":""},"class_list":["post-445","page","type-page","status-publish","has-post-thumbnail","hentry"],"_links":{"self":[{"href":"https:\/\/www.ontinyentrecicla.es\/es\/wp-json\/wp\/v2\/pages\/445","targetHints":{"allow":["GET"]}}],"collection":[{"href":"https:\/\/www.ontinyentrecicla.es\/es\/wp-json\/wp\/v2\/pages"}],"about":[{"href":"https:\/\/www.ontinyentrecicla.es\/es\/wp-json\/wp\/v2\/types\/page"}],"author":[{"embeddable":true,"href":"https:\/\/www.ontinyentrecicla.es\/es\/wp-json\/wp\/v2\/users\/1"}],"replies":[{"embeddable":true,"href":"https:\/\/www.ontinyentrecicla.es\/es\/wp-json\/wp\/v2\/comments?post=445"}],"version-history":[{"count":16,"href":"https:\/\/www.ontinyentrecicla.es\/es\/wp-json\/wp\/v2\/pages\/445\/revisions"}],"predecessor-version":[{"id":915,"href":"https:\/\/www.ontinyentrecicla.es\/es\/wp-json\/wp\/v2\/pages\/445\/revisions\/915"}],"wp:featuredmedia":[{"embeddable":true,"href":"https:\/\/www.ontinyentrecicla.es\/es\/wp-json\/wp\/v2\/media\/326"}],"wp:attachment":[{"href":"https:\/\/www.ontinyentrecicla.es\/es\/wp-json\/wp\/v2\/media?parent=445"}],"curies":[{"name":"wp","href":"https:\/\/api.w.org\/{rel}","templated":true}]}}