{"id":439,"date":"2026-01-31T20:35:53","date_gmt":"2026-01-31T19:35:53","guid":{"rendered":"https:\/\/www.ontinyentrecicla.es\/la-tasa-de-residuos\/"},"modified":"2026-02-24T15:44:32","modified_gmt":"2026-02-24T14:44:32","slug":"la-tasa-de-residuos","status":"publish","type":"page","link":"https:\/\/www.ontinyentrecicla.es\/es\/la-tasa-de-residuos\/","title":{"rendered":"La tasa de residuos"},"content":{"rendered":"<div class=\"et_pb_section_0 et_pb_section et_section_regular et_flex_section preset--module--divi-section--56gyewhcdb\">\n<div class=\"et_pb_row_0 et_pb_row et_flex_row\">\n<div class=\"et_pb_column_0 et_pb_column et_flex_column et_pb_css_mix_blend_mode_passthrough et_flex_column_12_24 et_flex_column_12_24_tablet et_flex_column_24_24_phone\">\n<div class=\"et_pb_text_0 et_pb_text et_pb_bg_layout_light et_pb_module et_flex_module preset--module--divi-text--default\"><div class=\"et_pb_text_inner\"><h1>La tasa<br \/>de residuos<\/h1>\n<\/div><\/div>\n\n<div class=\"et_pb_image_0 et_pb_image et_animated et_pb_module et_flex_module style-svg\"><span class=\"et_pb_image_wrap\"><img loading=\"lazy\" decoding=\"async\" src=\"https:\/\/www.ontinyentrecicla.es\/wp-content\/uploads\/2026\/01\/illustracio-porc-moneda.svg\" width=\"0\" height=\"0\" class=\"wp-image-48\" \/><\/span><\/div>\n<\/div>\n\n<div class=\"et_pb_column_1 et_pb_column et-last-child et_flex_column et_pb_css_mix_blend_mode_passthrough et_flex_column_12_24 et_flex_column_12_24_tablet et_flex_column_24_24_phone\">\n<div class=\"et_pb_text_1 et_pb_text et_pb_bg_layout_light et_pb_module et_flex_module preset--group--divi-text--divi-css--f6795r8i9t preset--module--divi-text--default\"><div class=\"et_pb_text_inner\"><h4>En Ontinyent quien menos genere y mejor separe, <strong class=\"text-efecte-linea\">menos pague<\/strong>.<\/h4>\n<\/div><\/div>\n\n<div class=\"et_pb_text_2 et_pb_text et_pb_bg_layout_light et_pb_module et_flex_module preset--module--divi-text--default\"><div class=\"et_pb_text_inner\"><p>El sistema de recogida de Ontinyent, con el que se registra la participaci\u00f3n y el nivel de reciclaje de forma individualizada, tanto de las viviendas, como de las actividades econ\u00f3micas, nos permite implantar un sistema de tasas m\u00e1s justo con el que quien menos genere y mejor separe, menos pague<span>.<\/span><\/p>\n<p>No separar correctamente los residuos comporta un sobrecoste para el Ayuntamiento que en ning\u00fan caso deben asumir quienes lo hacen bien.<\/p>\n<p>El sistema de tasa justa se ir\u00e1 implantando progresivamente con el objetivo de que todo el mundo pueda adaptarse. Se ha empezado en 2026 aplicando un criterio de participaci\u00f3n en la recogida dom\u00e9stica de org\u00e1nica que permite reducir la tasa hasta un 20%. El siguiente paso ser\u00e1 reflejar este sistema de tasa justa en las actividades econ\u00f3micas.  <\/p>\n<\/div><\/div>\n<\/div>\n<\/div>\n<\/div>\n\n<div class=\"et_pb_section_1 et_pb_section et_section_regular et_flex_section\">\n<div class=\"et_pb_row_1 et_pb_row et_flex_row et_animated\">\n<div class=\"et_pb_column_2 et_pb_column et_flex_column et_pb_css_mix_blend_mode_passthrough et_flex_column_12_24 et_flex_column_12_24_tablet et_flex_column_24_24_phone\">\n<div class=\"et_pb_text_3 et_pb_text et_pb_bg_layout_light et_pb_module et_flex_module preset--module--divi-text--default\"><div class=\"et_pb_text_inner\"><h3>La tasa dom\u00e9stica<\/h3>\n<\/div><\/div>\n<\/div>\n\n<div class=\"et_pb_column_3 et_pb_column et-last-child et_flex_column et_pb_css_mix_blend_mode_passthrough et_flex_column_12_24 et_flex_column_12_24_tablet et_flex_column_24_24_phone\">\n<div class=\"et_pb_text_4 et_pb_text et_pb_bg_layout_light et_pb_module et_flex_module preset--module--divi-text--default\"><div class=\"et_pb_text_inner\"><p>Con la implantaci\u00f3n del sistema de recogida puerta a puerta, los hogares que separan correctamente los residuos tendr\u00e1n un 20% de reducci\u00f3n en la tasa que se aplicar\u00e1 al a\u00f1o siguiente.<\/p>\n<p>La tasa para el a\u00f1o 2026 es de 136\u20ac por vivienda, que se puede reducir hasta 108,8\u20ac si se separa bien la org\u00e1nica.<\/p>\n<p>El retorno de 27,2\u20ac se aplica en el primer recibo del a\u00f1o siguiente.<\/p>\n<\/div><\/div>\n<\/div>\n<\/div>\n\n<div class=\"et_pb_row_2 et_pb_row et_flex_row\">\n<div class=\"et_pb_column_4 et_pb_column et-last-child et_flex_column et_pb_css_mix_blend_mode_passthrough et_flex_column_24_24 et_flex_column_24_24_tablet et_flex_column_24_24_phone\">\n<div class=\"et_pb_toggle_0 et_pb_toggle et_pb_toggle_item et_pb_toggle_close et_animated et_pb_module et_flex_module preset--module--divi-toggle--default\"><h3 class=\"et_pb_toggle_title\">\u00bfC\u00f3mo funciona la tasa de residuos?<\/h3><div class=\"et_pb_toggle_content clearfix et_flex_module\">\n<div class=\"et_pb_text_5 et_pb_text et_pb_bg_layout_light et_pb_module et_flex_module preset--module--divi-text--default\"><div class=\"et_pb_text_inner\"><h5>La tasa que pagas se divide en dos partes:<\/h5>\n<p>&nbsp;<\/p>\n<ul>\n<li data-start=\"211\" data-end=\"298\"><strong data-start=\"211\" data-end=\"247\">Recogida y transporte de residuos.<\/strong> Se paga al Ayuntamiento <\/li>\n<li data-start=\"303\" data-end=\"390\"><strong data-start=\"303\" data-end=\"339\">Tratamiento y gesti\u00f3n de residuos.<\/strong> Se paga al Consorcio. <\/li>\n<\/ul>\n<p data-start=\"392\" data-end=\"522\">As\u00ed se asegura que cada contribuyente cubre el coste real del servicio, siguiendo la normativa que obliga a cubrir todos los gastos.<\/p>\n<\/div><\/div>\n<\/div><\/div>\n\n<div class=\"et_pb_toggle_1 et_pb_toggle et_pb_toggle_item et_pb_toggle_close et_animated et_pb_module et_flex_module preset--module--divi-toggle--default\"><h3 class=\"et_pb_toggle_title\">\u00bfQu\u00e9 debo hacer para que se me aplique la bonificaci\u00f3n?<\/h3><div class=\"et_pb_toggle_content clearfix et_flex_module\">\n<div class=\"et_pb_text_6 et_pb_text et_pb_bg_layout_light et_pb_module et_flex_module preset--module--divi-text--default\"><div class=\"et_pb_text_inner\"><h5>Recogida puerta a puerta con cubo individual:<\/h5>\n<p>Es necesario sacar la org\u00e1nica un m\u00ednimo de 35 veces entre el 15 de junio y el 31 de diciembre de 2026.<\/p>\n<\/div><\/div>\n\n<div class=\"et_pb_text_7 et_pb_text et_pb_bg_layout_light et_pb_module et_flex_module preset--module--divi-text--default\"><div class=\"et_pb_text_inner\"><h5>Recogida puerta a puerta con contenedor comunitario:<\/h5>\n<p>Es necesario que la comunidad saque el contenedor de org\u00e1nica un m\u00ednimo de 60 veces entre el 15 de junio y el 31 de diciembre de 2026. En este caso se aplica a todas las viviendas de la comunidad. <\/p>\n<\/div><\/div>\n\n<div class=\"et_pb_text_8 et_pb_text et_pb_bg_layout_light et_pb_module et_flex_module preset--module--divi-text--default\"><div class=\"et_pb_text_inner\"><h5>Recogida en \u00e1reas cerradas para las viviendas diseminadas:<\/h5>\n<p>El servicio debe haber recogido el contenedor de org\u00e1nica un m\u00ednimo de 60 veces entre el 15 de junio y el 31 de diciembre de 2026. En este caso la bonificaci\u00f3n se aplica a todas las viviendas que tengan asociada aquella \u00e1rea. <\/p>\n<\/div><\/div>\n\n<div class=\"et_pb_text_9 et_pb_text et_pb_bg_layout_light et_pb_module et_flex_module preset--module--divi-text--default\"><div class=\"et_pb_text_inner\"><h5>Compostaje dom\u00e9stico:<\/h5>\n<p>Para recibir el 20% de retorno es necesario presentar la solicitud en el Ayuntamiento antes del 30 de junio y podr\u00e1 ser objeto de inspecci\u00f3n por parte del personal municipal.<\/p>\n<\/div><\/div>\n<\/div><\/div>\n\n<div class=\"et_pb_toggle_2 et_pb_toggle et_pb_toggle_item et_pb_toggle_close et_animated et_pb_module et_flex_module preset--module--divi-toggle--default\"><h3 class=\"et_pb_toggle_title\">\u00bfC\u00f3mo se sabe cu\u00e1ntas veces se ha sacado la org\u00e1nica? <\/h3><div class=\"et_pb_toggle_content clearfix et_flex_module\">\n<div class=\"et_pb_text_10 et_pb_text et_pb_bg_layout_light et_pb_module et_flex_module preset--module--divi-text--default\"><div class=\"et_pb_text_inner\"><ul>\n<li>Todos los cubos y contenedores llevan un chip que est\u00e1 asociado a la vivienda, a la comunidad o al \u00e1rea. Cada vez que se recoge el contenedor lleno con los residuos separados correctamente, se realiza una lectura que cuenta como una aportaci\u00f3n. <\/li>\n<li>Si quieres controlar tu participaci\u00f3n en tiempo real, desc\u00e1rgate la app <a href=\"https:\/\/www.ontinyentrecicla.es\/es\/la-app-ontinyentrecicla\/\">OntinyentRecicla<\/a>.<\/li>\n<\/ul>\n<\/div><\/div>\n<\/div><\/div>\n\n<div class=\"et_pb_toggle_3 et_pb_toggle et_pb_toggle_item et_pb_toggle_close et_animated et_pb_module et_flex_module preset--module--divi-toggle--default\"><h3 class=\"et_pb_toggle_title\">Otros beneficios fiscales vinculados a la renta<\/h3><div class=\"et_pb_toggle_content clearfix et_flex_module\">\n<div class=\"et_pb_text_11 et_pb_text et_pb_bg_layout_light et_pb_module et_flex_module preset--module--divi-text--default\"><div class=\"et_pb_text_inner\"><h5>Bonificaci\u00f3n del 100%<\/h5>\n<p>Si el conjunto de personas empadronadas en la vivienda tiene ingresos inferiores al 75% del salario m\u00ednimo interprofesional.<\/p>\n<\/div><\/div>\n\n<div class=\"et_pb_text_12 et_pb_text et_pb_bg_layout_light et_pb_module et_flex_module preset--module--divi-text--default\"><div class=\"et_pb_text_inner\"><h5>Bonificaci\u00f3n del 75%<\/h5>\n<p>Si el conjunto de personas empadronadas en la vivienda tiene ingresos entre el 75% y el 90% del salario m\u00ednimo interprofesional.<\/p>\n<\/div><\/div>\n\n<div class=\"et_pb_text_13 et_pb_text et_pb_bg_layout_light et_pb_module et_flex_module preset--module--divi-text--default\"><div class=\"et_pb_text_inner\"><h5>Bonificaci\u00f3n del 50%<\/h5>\n<p>Si el conjunto de personas empadronadas en la vivienda tiene ingresos entre el 90 y el 100% del salario m\u00ednimo interprofesional.<\/p>\n<\/div><\/div>\n<\/div><\/div>\n<\/div>\n<\/div>\n<\/div>\n\n<div class=\"et_pb_section_2 et_pb_section et_section_regular et_flex_section\">\n<div class=\"et_pb_row_3 et_pb_row et_flex_row et_animated\">\n<div class=\"et_pb_column_5 et_pb_column et_flex_column et_pb_css_mix_blend_mode_passthrough et_flex_column_12_24 et_flex_column_12_24_tablet et_flex_column_24_24_phone\">\n<div class=\"et_pb_text_14 et_pb_text et_pb_bg_layout_light et_pb_module et_flex_module preset--module--divi-text--default\"><div class=\"et_pb_text_inner\"><h3>La tasa comercial<\/h3>\n<\/div><\/div>\n<\/div>\n\n<div class=\"et_pb_column_6 et_pb_column et-last-child et_flex_column et_pb_css_mix_blend_mode_passthrough et_flex_column_12_24 et_flex_column_12_24_tablet et_flex_column_24_24_phone\">\n<div class=\"et_pb_text_15 et_pb_text et_pb_bg_layout_light et_pb_module et_flex_module preset--module--divi-text--default\"><div class=\"et_pb_text_inner\"><p>La tasa se establece en funci\u00f3n del tipo de actividad y de la superficie local. Aplicar un sistema de tasa justa comercial es m\u00e1s compleja y no es aplicable el criterio de la tasa dom\u00e9stica, ya que no todas las actividades generan todas las fracciones. En este sentido, a lo largo del a\u00f1o 2026 se realizar\u00e1 un an\u00e1lisis detallado de los datos para poder plantear una propuesta de tasa justa que se adapte a la realidad de las actividades del municipio.   <\/p>\n<\/div><\/div>\n<\/div>\n<\/div>\n\n<div class=\"et_pb_row_4 et_pb_row et_flex_row\">\n<div class=\"et_pb_column_7 et_pb_column et-last-child et_flex_column et_pb_css_mix_blend_mode_passthrough et_flex_column_24_24 et_flex_column_24_24_tablet et_flex_column_24_24_phone\">\n<div class=\"et_pb_toggle_4 et_pb_toggle et_pb_toggle_item et_pb_toggle_close et_animated et_pb_module et_flex_module preset--module--divi-toggle--default\"><h3 class=\"et_pb_toggle_title\">\u00bfC\u00f3mo funciona la tasa de residuos?<\/h3><div class=\"et_pb_toggle_content clearfix et_flex_module\">\n<div class=\"et_pb_text_16 et_pb_text et_pb_bg_layout_light et_pb_module et_flex_module preset--module--divi-text--default\"><div class=\"et_pb_text_inner\"><h5>La tasa que pagas se divide en dos partes:<\/h5>\n<p>&nbsp;<\/p>\n<ul>\n<li data-start=\"211\" data-end=\"298\"><strong data-start=\"211\" data-end=\"247\">Recogida y transporte de residuos.<\/strong> Se paga al Ayuntamiento <\/li>\n<li data-start=\"303\" data-end=\"390\"><strong data-start=\"303\" data-end=\"339\">Tratamiento y gesti\u00f3n de residuos.<\/strong> Se paga al Consorcio. <\/li>\n<\/ul>\n<p data-start=\"392\" data-end=\"522\">As\u00ed se asegura que cada contribuyente cubre el coste real del servicio, siguiendo la normativa que obliga a cubrir todos los gastos.<\/p>\n<\/div><\/div>\n<\/div><\/div>\n\n<div class=\"et_pb_toggle_5 et_pb_toggle et_pb_toggle_item et_pb_toggle_close et_animated et_pb_module et_flex_module preset--module--divi-toggle--default\"><h3 class=\"et_pb_toggle_title\">Cuotas tasa 2026<\/h3><div class=\"et_pb_toggle_content clearfix et_flex_module\">\n<div class=\"et_pb_row_5 et_pb_row et_pb_row_nested et_flex_row\">\n<div class=\"et_pb_column_8 et_pb_column et_flex_column et_pb_column_empty et_pb_css_mix_blend_mode_passthrough et_flex_column_8_24 et_flex_column_8_24_tablet et_flex_column_24_24_phone\"><\/div>\n\n<div class=\"et_pb_column_9 et_pb_column et_flex_column et_pb_css_mix_blend_mode_passthrough et_flex_column_8_24 et_flex_column_8_24_tablet et_flex_column_24_24_phone\">\n<div class=\"et_pb_text_17 et_pb_text et_pb_bg_layout_light et_pb_module et_flex_module preset--group--divi-text--divi-css--f6795r8i9t preset--module--divi-text--default\"><div class=\"et_pb_text_inner\"><h6>Comercio e industria en general<\/h6>\n<ul>\n<li>Hasta 100 m2 - 142 \u20ac<\/li>\n<li>De 101 a 150m2 \u2013 282 \u20ac<\/li>\n<li>De 151 a 250m2 \u2013 848 \u20ac<\/li>\n<li>De 251 a 400m2 \u2013 1.422 \u20ac<\/li>\n<li>De 401 a 800m2 \u2013 1.777 \u20ac<\/li>\n<li>M\u00e1s de 800 m2 \u2013 5.213 \u20ac<\/li>\n<\/ul>\n<\/div><\/div>\n\n<div class=\"et_pb_text_18 et_pb_text et_pb_bg_layout_light et_pb_module et_flex_module preset--group--divi-text--divi-css--f6795r8i9t preset--module--divi-text--default\"><div class=\"et_pb_text_inner\"><h6>Comercio e industria en general<\/h6>\n<ul>\n<li> 1.416 \u20ac<\/li>\n<\/ul>\n<\/div><\/div>\n\n<div class=\"et_pb_text_19 et_pb_text et_pb_bg_layout_light et_pb_module et_flex_module preset--group--divi-text--divi-css--f6795r8i9t preset--module--divi-text--default\"><div class=\"et_pb_text_inner\"><h6>Hospital, colegios con comedor, residencias y similares (en el casco urbano)<\/h6>\n<ul>\n<li>11 \u20ac por plaza<\/li>\n<\/ul>\n<\/div><\/div>\n<\/div>\n\n<div class=\"et_pb_column_10 et_pb_column et-last-child et_flex_column et_pb_css_mix_blend_mode_passthrough et_flex_column_8_24 et_flex_column_8_24_tablet et_flex_column_24_24_phone\">\n<div class=\"et_pb_text_20 et_pb_text et_pb_bg_layout_light et_pb_module et_flex_module preset--group--divi-text--divi-css--f6795r8i9t preset--module--divi-text--default\"><div class=\"et_pb_text_inner\"><h6>Bares, cafeter\u00edas, restaurantes<\/h6>\n<ul>\n<li>Hasta 50 m2 - 142 \u20ac<\/li>\n<li>De 51 a 150m2 \u2013 424 \u20ac<\/li>\n<li>De 151 a 250m2 \u2013 564 \u20ac<\/li>\n<li>M\u00e1s de 250 m2 \u2013 990 \u20ac<\/li>\n<\/ul>\n<\/div><\/div>\n\n<div class=\"et_pb_text_21 et_pb_text et_pb_bg_layout_light et_pb_module et_flex_module preset--group--divi-text--divi-css--f6795r8i9t preset--module--divi-text--default\"><div class=\"et_pb_text_inner\"><h6>Supermercados, tiendas de alimentaci\u00f3n, hipermercados y similares:<\/h6>\n<ul>\n<li>Hasta 100 m2 - 142 \u20ac<\/li>\n<li>De 101 a 150m2 \u2013 282 \u20ac<\/li>\n<li>De 151 a 250m2 \u2013 848 \u20ac<\/li>\n<li>De 251 a 400m2 \u2013 1.422 \u20ac<\/li>\n<li>De 401 a 800m2 \u2013 1.777 \u20ac<\/li>\n<li>M\u00e1s de 800 m2 \u2013 5.213 \u20ac<\/li>\n<\/ul>\n<\/div><\/div>\n<\/div>\n<\/div>\n\n<div class=\"et_pb_row_6 et_pb_row et_pb_row_nested et_flex_row\">\n<div class=\"et_pb_column_11 et_pb_column et_flex_column et_pb_column_empty et_pb_css_mix_blend_mode_passthrough et_flex_column_8_24 et_flex_column_8_24_tablet et_flex_column_24_24_phone\"><\/div>\n\n<div class=\"et_pb_column_12 et_pb_column et-last-child et_flex_column et_pb_css_mix_blend_mode_passthrough et_flex_column_16_24 et_flex_column_16_24_tablet et_flex_column_24_24_phone\">\n<div class=\"et_pb_text_22 et_pb_text et_pb_bg_layout_light et_pb_module et_flex_module preset--module--divi-text--default\"><div class=\"et_pb_text_inner\"><p>Si tiene gestor propio de alguna de las fracciones contacte con el Ayuntamiento para determinar la cantidad a abonar anualmente en concepto de gesti\u00f3n administrativa y la documentaci\u00f3n a presentar. <\/p>\n<\/div><\/div>\n<\/div>\n<\/div>\n<\/div><\/div>\n<\/div>\n<\/div>\n<\/div>","protected":false},"excerpt":{"rendered":"<p>En Ontinyent quien recicla bien paga menos.<\/p>\n","protected":false},"author":1,"featured_media":326,"parent":0,"menu_order":20,"comment_status":"closed","ping_status":"closed","template":"","meta":{"inline_featured_image":false,"footnotes":""},"class_list":["post-439","page","type-page","status-publish","has-post-thumbnail","hentry"],"_links":{"self":[{"href":"https:\/\/www.ontinyentrecicla.es\/es\/wp-json\/wp\/v2\/pages\/439","targetHints":{"allow":["GET"]}}],"collection":[{"href":"https:\/\/www.ontinyentrecicla.es\/es\/wp-json\/wp\/v2\/pages"}],"about":[{"href":"https:\/\/www.ontinyentrecicla.es\/es\/wp-json\/wp\/v2\/types\/page"}],"author":[{"embeddable":true,"href":"https:\/\/www.ontinyentrecicla.es\/es\/wp-json\/wp\/v2\/users\/1"}],"replies":[{"embeddable":true,"href":"https:\/\/www.ontinyentrecicla.es\/es\/wp-json\/wp\/v2\/comments?post=439"}],"version-history":[{"count":11,"href":"https:\/\/www.ontinyentrecicla.es\/es\/wp-json\/wp\/v2\/pages\/439\/revisions"}],"predecessor-version":[{"id":916,"href":"https:\/\/www.ontinyentrecicla.es\/es\/wp-json\/wp\/v2\/pages\/439\/revisions\/916"}],"wp:featuredmedia":[{"embeddable":true,"href":"https:\/\/www.ontinyentrecicla.es\/es\/wp-json\/wp\/v2\/media\/326"}],"wp:attachment":[{"href":"https:\/\/www.ontinyentrecicla.es\/es\/wp-json\/wp\/v2\/media?parent=439"}],"curies":[{"name":"wp","href":"https:\/\/api.w.org\/{rel}","templated":true}]}}