{"id":437,"date":"2026-02-01T13:38:21","date_gmt":"2026-02-01T12:38:21","guid":{"rendered":"https:\/\/www.ontinyentrecicla.es\/la-app-ontinyentrecicla\/"},"modified":"2026-02-24T15:45:20","modified_gmt":"2026-02-24T14:45:20","slug":"la-app-ontinyentrecicla","status":"publish","type":"page","link":"https:\/\/www.ontinyentrecicla.es\/es\/la-app-ontinyentrecicla\/","title":{"rendered":"La app OntinyentRecicla"},"content":{"rendered":"<div class=\"et_pb_section_0 et_pb_section et_section_regular et_flex_section preset--group--divi-section--divi-background--j5y578x52u preset--module--divi-section--56gyewhcdb\">\n<div class=\"et_pb_row_0 et_pb_row et_flex_row\">\n<div class=\"et_pb_column_0 et_pb_column et_flex_column et_pb_css_mix_blend_mode_passthrough et_flex_column_12_24 et_flex_column_12_24_tablet et_flex_column_24_24_phone\">\n<div class=\"et_pb_text_0 et_pb_text et_pb_bg_layout_light et_pb_module et_flex_module preset--module--divi-text--default\"><div class=\"et_pb_text_inner\"><h1>La APP<br \/>OntinyentRecicla<\/h1>\n<\/div><\/div>\n\n<div class=\"et_pb_text_1 et_pb_text et_pb_bg_layout_light et_pb_module et_flex_module preset--group--divi-text--divi-css--f6795r8i9t preset--module--divi-text--default\"><div class=\"et_pb_text_inner\"><h5>La app de servicio OntinyentRecicla permite consultar toda la informaci\u00f3n relativa al servicio, enviar y recibir avisos, notificaciones e incidencias y consultar su participaci\u00f3n en tiempo real.<\/h5>\n<\/div><\/div>\n<\/div>\n\n<div class=\"et_pb_column_1 et_pb_column et-last-child et_flex_column et_pb_css_mix_blend_mode_passthrough et_flex_column_12_24 et_flex_column_12_24_tablet et_flex_column_24_24_phone\">\n<div class=\"et_pb_image_0 et_pb_image et_animated et_pb_module et_flex_module style-svg\"><span class=\"et_pb_image_wrap\"><img loading=\"lazy\" decoding=\"async\" src=\"https:\/\/www.ontinyentrecicla.es\/wp-content\/uploads\/2026\/02\/illustracio-mobil-missatge.svg\" width=\"0\" height=\"0\" class=\"wp-image-106\" \/><\/span><\/div>\n<\/div>\n<\/div>\n\n<div class=\"et_pb_row_1 et_pb_row et_flex_row\">\n<div class=\"et_pb_column_2 et_pb_column et-last-child et_flex_column et_pb_css_mix_blend_mode_passthrough et_flex_column_24_24 et_flex_column_24_24_tablet et_flex_column_24_24_phone\">\n<div class=\"et_pb_divider_0 et_pb_divider et_pb_space et_pb_divider_position_center et_pb_module\"><div class=\"et_pb_divider_internal\"><\/div><\/div>\n<\/div>\n<\/div>\n<\/div>\n\n<div class=\"et_pb_section_1 et_pb_section et_section_regular et_flex_section\">\n<div class=\"et_pb_row_2 et_pb_row et_flex_row\">\n<div class=\"et_pb_column_3 et_pb_column et_flex_column et_pb_css_mix_blend_mode_passthrough et_animated et_flex_column_12_24 et_flex_column_12_24_tablet et_flex_column_24_24_phone\">\n<div class=\"et_pb_text_2 et_pb_text et_pb_bg_layout_light et_pb_module et_flex_module preset--module--divi-text--default\"><div class=\"et_pb_text_inner\"><h4>Desc\u00e1rgate la app<\/h4>\n<\/div><\/div>\n\n<div class=\"et_pb_blurb_0 et_pb_blurb et_pb_bg_layout_light et_pb_blurb_position_top et_pb_module et_flex_module preset--module--divi-blurb--bjgrvgryzl\"><div class=\"et_pb_blurb_content et_flex_module\"><div class=\"et_pb_main_blurb_image\"><span class=\"et_pb_image_wrap et_pb_only_image_mode_wrap\"><img loading=\"lazy\" decoding=\"async\" src=\"https:\/\/www.ontinyentrecicla.es\/wp-content\/uploads\/2026\/02\/icona-rodona-num-1-1.svg\" width=\"0\" height=\"0\" class=\"et-waypoint et_pb_animation_top et_pb_animation_top_tablet et_pb_animation_top_phone wp-image-297\" title=\"icona-rodona-num-1\" \/><\/span><\/div><div class=\"et_pb_blurb_container\"><div class=\"et_pb_blurb_description\"><p>Desc\u00e1rgate la app en <a href=\"https:\/\/play.google.com\/store\/apps\/details?id=com.ontinyent.wcity&amp;pcampaignid=web_share\" title=\"https:\/\/play.google.com\/store\/apps\/details?id=com.ontinyent.wcity&amp;pcampaignid=web_share\">Google Play<\/a> o App Store.<\/p>\n<\/div><\/div><\/div><\/div>\n\n<div class=\"et_pb_row_3 et_pb_row et_pb_row_nested et_flex_row\">\n<div class=\"et_pb_column_4 et_pb_column et_flex_column et_pb_css_mix_blend_mode_passthrough et_flex_column_12_24 et_flex_column_24_24_phone\">\n<div class=\"et_pb_image_1 et_pb_image et_animated et_pb_module et_flex_module\"><span class=\"et_pb_image_wrap\"><img loading=\"lazy\" decoding=\"async\" src=\"https:\/\/www.ontinyentrecicla.es\/wp-content\/uploads\/2026\/01\/screenshot.jpg\" title=\"screenshot\" width=\"1200\" height=\"900\" srcset=\"https:\/\/www.ontinyentrecicla.es\/wp-content\/uploads\/2026\/01\/screenshot.jpg 1200w, https:\/\/www.ontinyentrecicla.es\/wp-content\/uploads\/2026\/01\/screenshot-980x735.jpg 980w, https:\/\/www.ontinyentrecicla.es\/wp-content\/uploads\/2026\/01\/screenshot-480x360.jpg 480w\" sizes=\"(min-width: 0px) and (max-width: 480px) 480px, (min-width: 481px) and (max-width: 980px) 980px, (min-width: 981px) 1200px, 100vw\" class=\"wp-image-31\" \/><\/span><\/div>\n<\/div>\n\n<div class=\"et_pb_column_5 et_pb_column et-last-child et_flex_column et_pb_css_mix_blend_mode_passthrough et_flex_column_12_24 et_flex_column_24_24_phone\">\n<div class=\"et_pb_image_2 et_pb_image et_pb_module et_flex_module\"><span class=\"et_pb_image_wrap\"><img loading=\"lazy\" decoding=\"async\" src=\"https:\/\/www.ontinyentrecicla.es\/wp-content\/uploads\/2026\/02\/logo-googleplay.png\" title=\"Google Play\" width=\"339\" height=\"98\" srcset=\"https:\/\/www.ontinyentrecicla.es\/wp-content\/uploads\/2026\/02\/logo-googleplay.png 339w, https:\/\/www.ontinyentrecicla.es\/wp-content\/uploads\/2026\/02\/logo-googleplay-300x87.png 300w\" sizes=\"(max-width: 339px) 100vw, 339px\" class=\"wp-image-116\" \/><\/span><\/div>\n\n<div class=\"et_pb_image_3 et_pb_image et_pb_module et_flex_module\"><span class=\"et_pb_image_wrap\"><img loading=\"lazy\" decoding=\"async\" src=\"https:\/\/www.ontinyentrecicla.es\/wp-content\/uploads\/2026\/02\/logo-appstore.png\" title=\"App Store\" width=\"339\" height=\"98\" srcset=\"https:\/\/www.ontinyentrecicla.es\/wp-content\/uploads\/2026\/02\/logo-appstore.png 339w, https:\/\/www.ontinyentrecicla.es\/wp-content\/uploads\/2026\/02\/logo-appstore-300x87.png 300w\" sizes=\"(max-width: 339px) 100vw, 339px\" class=\"wp-image-115\" \/><\/span><\/div>\n<\/div>\n<\/div>\n\n<div class=\"et_pb_blurb_1 et_pb_blurb et_pb_bg_layout_light et_pb_blurb_position_top et_pb_module et_flex_module preset--module--divi-blurb--bjgrvgryzl\"><div class=\"et_pb_blurb_content et_flex_module\"><div class=\"et_pb_main_blurb_image\"><span class=\"et_pb_image_wrap et_pb_only_image_mode_wrap\"><img loading=\"lazy\" decoding=\"async\" src=\"https:\/\/www.ontinyentrecicla.es\/wp-content\/uploads\/2026\/02\/icona-rodona-num-2-1.svg\" width=\"0\" height=\"0\" class=\"et-waypoint et_pb_animation_top et_pb_animation_top_tablet et_pb_animation_top_phone wp-image-292\" title=\"icona-rodona-num-2\" \/><\/span><\/div><div class=\"et_pb_blurb_container\"><div class=\"et_pb_blurb_description\"><p>Crea un nuevo usuario y sigue las instrucciones de alta.<\/p>\n<\/div><\/div><\/div><\/div>\n\n<div class=\"et_pb_blurb_2 et_pb_blurb et_pb_bg_layout_light et_pb_blurb_position_top et_pb_module et_flex_module preset--module--divi-blurb--bjgrvgryzl\"><div class=\"et_pb_blurb_content et_flex_module\"><div class=\"et_pb_main_blurb_image\"><span class=\"et_pb_image_wrap et_pb_only_image_mode_wrap\"><img loading=\"lazy\" decoding=\"async\" src=\"https:\/\/www.ontinyentrecicla.es\/wp-content\/uploads\/2026\/02\/icona-rodona-num-3-1.svg\" width=\"0\" height=\"0\" class=\"et-waypoint et_pb_animation_top et_pb_animation_top_tablet et_pb_animation_top_phone wp-image-293\" title=\"icona-rodona-num-3\" \/><\/span><\/div><div class=\"et_pb_blurb_container\"><div class=\"et_pb_blurb_description\"><p>Recibir\u00e1s un correo para finalizar el alta. Valida el registro e introduce el c\u00f3digo de usuario que encontrar\u00e1s en el correo electr\u00f3nico que te enviamos cuando viniste a recoger los contenedores. Si no lo encuentras, ponte en contacto en el tel\u00e9fono de atenci\u00f3n comercial.  <\/p>\n<\/div><\/div><\/div><\/div>\n<\/div>\n\n<div class=\"et_pb_column_6 et_pb_column et-last-child et_flex_column et_pb_css_mix_blend_mode_passthrough et_animated et_flex_column_12_24 et_flex_column_12_24_tablet et_flex_column_24_24_phone\">\n<div class=\"et_pb_text_3 et_pb_text et_pb_bg_layout_light et_pb_module et_flex_module preset--module--divi-text--default\"><div class=\"et_pb_text_inner\"><h4>Funcionalidad de la app<\/h4>\n<\/div><\/div>\n\n<ul class=\"et_pb_icon_list_0 et_pb_icon_list et_pb_module et_flex_module preset--module--divi-icon-list--default\">\n<li class=\"et_pb_icon_list_item_0 et_pb_icon_list_item et_pb_module et_flex_module preset--module--divi-icon-list-item--default\"><span class=\"et-pb-icon\">\uf00c<\/span><div class=\"et_pb_icon_list_text\">Consulta de toda la informaci\u00f3n relativa al sistema de recogida.<\/div><\/li>\n\n<li class=\"et_pb_icon_list_item_1 et_pb_icon_list_item et_pb_module et_flex_module preset--module--divi-icon-list-item--default\"><span class=\"et-pb-icon\">\uf00c<\/span><div class=\"et_pb_icon_list_text\">Calendario de recogida.<\/div><\/li>\n\n<li class=\"et_pb_icon_list_item_2 et_pb_icon_list_item et_pb_module et_flex_module preset--module--divi-icon-list-item--default\"><span class=\"et-pb-icon\">\uf00c<\/span><div class=\"et_pb_icon_list_text\">Avisos y notificaciones del servicio.<\/div><\/li>\n\n<li class=\"et_pb_icon_list_item_3 et_pb_icon_list_item et_pb_module et_flex_module preset--module--divi-icon-list-item--default\"><span class=\"et-pb-icon\">\uf00c<\/span><div class=\"et_pb_icon_list_text\">Registro y comunicaci\u00f3n de incidencias, con un sistema de seguimiento en tiempo real de su estado.<\/div><\/li>\n\n<li class=\"et_pb_icon_list_item_4 et_pb_icon_list_item et_pb_module et_flex_module preset--module--divi-icon-list-item--default\"><span class=\"et-pb-icon\">\uf00c<\/span><div class=\"et_pb_icon_list_text\">Solicitud de recogida de voluminosos.<\/div><\/li>\n\n<li class=\"et_pb_icon_list_item_5 et_pb_icon_list_item et_pb_module et_flex_module preset--module--divi-icon-list-item--default\"><span class=\"et-pb-icon\">\uf00c<\/span><div class=\"et_pb_icon_list_text\">Contacto con los t\u00e9cnicos que gestionan el servicio.<\/div><\/li>\n<\/ul>\n<\/div>\n<\/div>\n<\/div>","protected":false},"excerpt":{"rendered":"<p>La app de servicio OntinyentRecicla permite consultar toda la informaci\u00f3n relativa al servicio, enviar y recibir avisos, notificaciones e incidencias y consultar su participaci\u00f3n en tiempo real.<\/p>\n","protected":false},"author":1,"featured_media":326,"parent":0,"menu_order":22,"comment_status":"closed","ping_status":"closed","template":"","meta":{"inline_featured_image":false,"footnotes":""},"class_list":["post-437","page","type-page","status-publish","has-post-thumbnail","hentry"],"_links":{"self":[{"href":"https:\/\/www.ontinyentrecicla.es\/es\/wp-json\/wp\/v2\/pages\/437","targetHints":{"allow":["GET"]}}],"collection":[{"href":"https:\/\/www.ontinyentrecicla.es\/es\/wp-json\/wp\/v2\/pages"}],"about":[{"href":"https:\/\/www.ontinyentrecicla.es\/es\/wp-json\/wp\/v2\/types\/page"}],"author":[{"embeddable":true,"href":"https:\/\/www.ontinyentrecicla.es\/es\/wp-json\/wp\/v2\/users\/1"}],"replies":[{"embeddable":true,"href":"https:\/\/www.ontinyentrecicla.es\/es\/wp-json\/wp\/v2\/comments?post=437"}],"version-history":[{"count":4,"href":"https:\/\/www.ontinyentrecicla.es\/es\/wp-json\/wp\/v2\/pages\/437\/revisions"}],"predecessor-version":[{"id":829,"href":"https:\/\/www.ontinyentrecicla.es\/es\/wp-json\/wp\/v2\/pages\/437\/revisions\/829"}],"wp:featuredmedia":[{"embeddable":true,"href":"https:\/\/www.ontinyentrecicla.es\/es\/wp-json\/wp\/v2\/media\/326"}],"wp:attachment":[{"href":"https:\/\/www.ontinyentrecicla.es\/es\/wp-json\/wp\/v2\/media?parent=437"}],"curies":[{"name":"wp","href":"https:\/\/api.w.org\/{rel}","templated":true}]}}