{"id":1241,"date":"2026-04-20T13:48:34","date_gmt":"2026-04-20T11:48:34","guid":{"rendered":"https:\/\/www.ontinyentrecicla.es\/ecoparque\/"},"modified":"2026-04-21T20:43:19","modified_gmt":"2026-04-21T18:43:19","slug":"ecoparque","status":"publish","type":"page","link":"https:\/\/www.ontinyentrecicla.es\/es\/ecoparque\/","title":{"rendered":"Ecoparque"},"content":{"rendered":"<div class=\"et_pb_section_0 et_pb_section et_section_regular et_flex_section preset--module--divi-section--56gyewhcdb\">\n<div class=\"et_pb_row_0 et_pb_row et_flex_row\">\n<div class=\"et_pb_column_0 et_pb_column et_flex_column et_pb_css_mix_blend_mode_passthrough et_flex_column_12_24 et_flex_column_12_24_tablet et_flex_column_24_24_phone preset--module--divi-column--default\">\n<div class=\"et_pb_text_0 et_pb_text et_pb_bg_layout_light et_pb_module et_flex_module preset--group--divi-text--divi-css--f6795r8i9t preset--module--divi-text--default\"><div class=\"et_pb_text_inner\"><h1>Ecoparque<\/h1>\n<\/div><\/div>\n\n<div class=\"et_pb_text_1 et_pb_text et_pb_bg_layout_light et_pb_module et_flex_module preset--group--divi-text--divi-css--f6795r8i9t preset--module--divi-text--default\"><div class=\"et_pb_text_inner\"><p>L\u2019ecoparc \u00e9s un espai on es poden portar residus especials o voluminosos que no van als contenidors del carrer, per tal de gestionar-los correctament i afavorir el reciclatge.<\/p>\n<\/div><\/div>\n<\/div>\n\n<div class=\"et_pb_column_1 et_pb_column et-last-child et_flex_column et_pb_css_mix_blend_mode_passthrough et_flex_column_12_24 et_flex_column_12_24_tablet et_flex_column_24_24_phone preset--module--divi-column--default\">\n<div class=\"et_pb_image_0 et_pb_image et_pb_image_sticky et_pb_module et_flex_module\"><span class=\"et_pb_image_wrap\"><img loading=\"lazy\" decoding=\"async\" src=\"https:\/\/www.ontinyentrecicla.es\/wp-content\/uploads\/2026\/04\/servei-recollida-ecoparc.jpg\" title=\"servei-recollida-ecoparc\" width=\"1000\" height=\"1150\" srcset=\"https:\/\/www.ontinyentrecicla.es\/wp-content\/uploads\/2026\/04\/servei-recollida-ecoparc.jpg 1000w, https:\/\/www.ontinyentrecicla.es\/wp-content\/uploads\/2026\/04\/servei-recollida-ecoparc-980x1127.jpg 980w, https:\/\/www.ontinyentrecicla.es\/wp-content\/uploads\/2026\/04\/servei-recollida-ecoparc-480x552.jpg 480w\" sizes=\"(min-width: 0px) and (max-width: 480px) 480px, (min-width: 481px) and (max-width: 980px) 980px, (min-width: 981px) 1000px, 100vw\" class=\"wp-image-1097\" \/><\/span><\/div>\n\n<div class=\"et_pb_image_1 et_pb_image et_pb_image_sticky et_pb_module et_flex_module\"><span class=\"et_pb_image_wrap\"><img loading=\"lazy\" decoding=\"async\" src=\"https:\/\/www.ontinyentrecicla.es\/wp-content\/uploads\/2026\/04\/servei-recollida-ecoparc-ilust.svg\" title=\"servei-recollida-ecoparc-ilust\" width=\"0\" height=\"0\" srcset=\"https:\/\/www.ontinyentrecicla.es\/wp-content\/uploads\/2026\/04\/servei-recollida-ecoparc-ilust.svg 0w\" class=\"wp-image-1096\" \/><\/span><\/div>\n<\/div>\n<\/div>\n<\/div>\n\n<div class=\"et_pb_section_1 et_pb_section et_section_regular et_flex_section\">\n<div class=\"et_pb_row_1 et_pb_row et_flex_row\">\n<div class=\"et_pb_column_2 et_pb_column et-last-child et_flex_column et_pb_css_mix_blend_mode_passthrough et_flex_column_24_24 et_flex_column_24_24_tablet et_flex_column_24_24_phone preset--module--divi-column--default\">\n<div class=\"et_pb_text_2 et_pb_text et_pb_bg_layout_light et_pb_module et_flex_module preset--group--divi-text--divi-css--f6795r8i9t preset--module--divi-text--default\"><div class=\"et_pb_text_inner\"><h5>En el ECOPARC puede llevar cualquier residuo especial o peligroso que no puede depositarse en ninguna de las fracciones ordinarias.<\/h5>\n<\/div><\/div>\n<\/div>\n<\/div>\n\n<div class=\"et_pb_row_2 et_pb_row et_flex_row\">\n<div class=\"et_pb_column_3 et_pb_column et_flex_column et_pb_css_mix_blend_mode_passthrough et_flex_column_2_5 et_flex_column_2_5_tablet et_flex_column_24_24_phone preset--module--divi-column--default\">\n<div class=\"et_pb_text_3 et_pb_text et_pb_bg_layout_light et_pb_module et_flex_module preset--module--divi-text--default\"><div class=\"et_pb_text_inner\"><p>En el ECOPARC puede llevar cualquier residuo especial o peligroso que no puede depositarse en ninguna de las fracciones ordinarias.<\/p>\n<p><strong>Ubicaci\u00f3n:<\/strong><br \/>Carrer de les Borreres (Pol\u00edgon Industrial El Pla) - 46870 - Ontinyent<\/p>\n<p>Horario:<br \/>De lunes a s\u00e1bado: 9:00 ha 19:00 h<br \/>Domingo: 10:00 ha 14:00 h<br \/>Todos los d\u00edas festivos permanece cerrado.<br \/>El 24 y 31 de diciembre abre hasta las 14:00 h<\/p>\n<p><strong>Tel\u00e9fono:<\/strong> 96 227 00 36<\/p>\n<p><a href=\"https:\/\/www.consorciresidus.org\/es\/residuos-admitidos-en-el-ecoparque\/\">Consulta aqu\u00ed<\/a> los residuos admitidos en el ECOPARQUE.<\/p>\n<\/div><\/div>\n<\/div>\n\n<div class=\"et_pb_column_4 et_pb_column et-last-child et_flex_column et_pb_css_mix_blend_mode_passthrough et_flex_column_3_5 et_flex_column_3_5_tablet et_flex_column_24_24_phone preset--module--divi-column--default\">\n<div class=\"et_pb_code_0 et_pb_code et_pb_module\"><div class=\"et_pb_code_inner\"><iframe src=\"https:\/\/www.google.com\/maps\/embed?pb=!1m14!1m8!1m3!1d1932.4043717450097!2d-0.5737486!3d38.8316667!3m2!1i1024!2i768!4f13.1!3m3!1m2!1s0xd619d252c23046b%3A0x49601019f60731f3!2sEcoparque%20Ontinyent!5e1!3m2!1ses!2ses!4v1770143035290!5m2!1ses!2ses\" width=\"100%\" height=\"500\" style=\"border:0;\" allowfullscreen=\"\" loading=\"lazy\" referrerpolicy=\"no-referrer-when-downgrade\"><\/iframe><\/div><\/div>\n<\/div>\n<\/div>\n\n<div class=\"et_pb_row_3 et_pb_row et_flex_row\">\n<div class=\"et_pb_column_5 et_pb_column et_flex_column et_pb_css_mix_blend_mode_passthrough et_flex_column_12_24 et_flex_column_12_24_tablet et_flex_column_24_24_phone preset--module--divi-column--default\">\n<div class=\"et_pb_text_4 et_pb_text et_pb_bg_layout_light et_pb_module et_flex_module preset--module--divi-text--default\"><div class=\"et_pb_text_inner\"><h5>ECOPARQUE M\u00d3VIL<\/h5>\n<\/div><\/div>\n\n<div class=\"et_pb_text_5 et_pb_text et_pb_bg_layout_light et_pb_module et_flex_module preset--group--divi-text--divi-css--f6795r8i9t preset--module--divi-text--default\"><div class=\"et_pb_text_inner\"><p>Es un servicio con presencia en todos los barrios de la ciudad para todos los peque\u00f1os residuos especiales y peligrosos de origen dom\u00e9stico, con el objetivo de acercarlo a la ciudadan\u00eda y evitar desplazamientos hasta su instalaci\u00f3n fija.<\/p>\n<\/div><\/div>\n<\/div>\n\n<div class=\"et_pb_column_6 et_pb_column et-last-child et_flex_column et_pb_css_mix_blend_mode_passthrough et_flex_column_12_24 et_flex_column_12_24_tablet et_flex_column_24_24_phone preset--module--divi-column--default\">\n<div class=\"et_pb_text_6 et_pb_text et_pb_bg_layout_light et_pb_module et_flex_module preset--group--divi-text--divi-css--f6795r8i9t preset--module--divi-text--default\"><div class=\"et_pb_text_inner\"><p><strong>\u00bfQu\u00e9 podemos llevar?<br \/><\/strong>Peque\u00f1os aparatos el\u00e9ctricos y electr\u00f3nicos, textil, aceite, pilas, bombillas y fluorescentes, envases de barnices y pinturas, etc. <\/p>\n<\/div><\/div>\n<\/div>\n<\/div>\n\n<div class=\"et_pb_row_4 et_pb_row et_flex_row\">\n<div class=\"et_pb_column_7 et_pb_column et_flex_column et_pb_css_mix_blend_mode_passthrough et_flex_column_1_5 et_flex_column_12_24_tablet et_flex_column_24_24_phone preset--module--divi-column--default\">\n<div class=\"et_pb_text_7 et_pb_text et_pb_bg_layout_light et_pb_module et_flex_module text-adreces-amb-efectes preset--module--divi-text--5p30x2u7yv\"><div class=\"et_pb_text_inner\"><p><strong class=\"text-efecte-etiqueta\">Horarios y ubicaciones: <\/strong><\/p>\n<\/div><\/div>\n<\/div>\n\n<div class=\"et_pb_column_8 et_pb_column et_flex_column et_pb_css_mix_blend_mode_passthrough et_flex_column_1_5 et_flex_column_12_24_tablet et_flex_column_24_24_phone preset--module--divi-column--default\">\n<div class=\"et_pb_group_0 et_pb_group et-last-child et_pb_module et_flex_group et_pb_css_mix_blend_mode_passthrough\">\n<div class=\"et_pb_text_8 et_pb_text et_pb_bg_layout_light et_pb_module et_flex_module preset--module--divi-text--default\"><div class=\"et_pb_text_inner\"><h6>Martes<\/h6>\n<\/div><\/div>\n\n<div class=\"et_pb_text_9 et_pb_text et_pb_bg_layout_light et_pb_module et_flex_module preset--group--divi-text--divi-css--f6795r8i9t preset--module--divi-text--default\"><div class=\"et_pb_text_inner\"><p><strong>LLOMBO <\/strong><br \/>Pla\u00e7a de la Coronaci\u00f3<\/p>\n<\/div><\/div>\n\n<div class=\"et_pb_text_10 et_pb_text et_pb_bg_layout_light et_pb_module et_flex_module preset--module--divi-text--default\"><div class=\"et_pb_text_inner\"><p>Del 15 de septiembre al 15 de junio<\/p>\n<\/div><\/div>\n\n<div class=\"et_pb_text_11 et_pb_text et_pb_bg_layout_light et_pb_module et_flex_module preset--module--divi-text--default\"><div class=\"et_pb_text_inner\"><p>De 10 a 14 h y de 16 a 18 h<\/p>\n<\/div><\/div>\n\n<div class=\"et_pb_text_12 et_pb_text et_pb_bg_layout_light et_pb_module et_flex_module preset--module--divi-text--default\"><div class=\"et_pb_text_inner\"><p>Del 16 de junio al 14 de septiembre<\/p>\n<\/div><\/div>\n\n<div class=\"et_pb_text_13 et_pb_text et_pb_bg_layout_light et_pb_module et_flex_module preset--module--divi-text--default\"><div class=\"et_pb_text_inner\"><p>De 8 a 14 h<\/p>\n<\/div><\/div>\n<\/div>\n<\/div>\n\n<div class=\"et_pb_column_9 et_pb_column et_flex_column et_pb_css_mix_blend_mode_passthrough et_flex_column_1_5 et_flex_column_12_24_tablet et_flex_column_24_24_phone preset--module--divi-column--default\">\n<div class=\"et_pb_group_1 et_pb_group et-last-child et_pb_module et_flex_group et_pb_css_mix_blend_mode_passthrough\">\n<div class=\"et_pb_text_14 et_pb_text et_pb_bg_layout_light et_pb_module et_flex_module preset--module--divi-text--default\"><div class=\"et_pb_text_inner\"><h6>Mi\u00e9rcoles<\/h6>\n<\/div><\/div>\n\n<div class=\"et_pb_text_15 et_pb_text et_pb_bg_layout_light et_pb_module et_flex_module preset--module--divi-text--default\"><div class=\"et_pb_text_inner\"><p><strong>SANT JOSEP<\/strong><br \/>Solares detr\u00e1s CEIP \u2028Caramelo Ripoll<\/p>\n<\/div><\/div>\n\n<div class=\"et_pb_text_16 et_pb_text et_pb_bg_layout_light et_pb_module et_flex_module preset--module--divi-text--default\"><div class=\"et_pb_text_inner\"><p>Del 16 de junio al 14 de septiembre<\/p>\n<\/div><\/div>\n\n<div class=\"et_pb_text_17 et_pb_text et_pb_bg_layout_light et_pb_module et_flex_module preset--module--divi-text--default\"><div class=\"et_pb_text_inner\"><p>De 10 a 14 h y de 16 a 18 h<\/p>\n<\/div><\/div>\n\n<div class=\"et_pb_text_18 et_pb_text et_pb_bg_layout_light et_pb_module et_flex_module preset--module--divi-text--default\"><div class=\"et_pb_text_inner\"><p>Del 16 de junio al 14 de septiembre<\/p>\n<\/div><\/div>\n\n<div class=\"et_pb_text_19 et_pb_text et_pb_bg_layout_light et_pb_module et_flex_module preset--module--divi-text--default\"><div class=\"et_pb_text_inner\"><p>De 8 a 14 h<\/p>\n<\/div><\/div>\n<\/div>\n<\/div>\n\n<div class=\"et_pb_column_10 et_pb_column et_flex_column et_pb_css_mix_blend_mode_passthrough et_flex_column_1_5 et_flex_column_12_24_tablet et_flex_column_24_24_phone preset--module--divi-column--default\">\n<div class=\"et_pb_group_2 et_pb_group et-last-child et_pb_module et_flex_group et_pb_css_mix_blend_mode_passthrough\">\n<div class=\"et_pb_text_20 et_pb_text et_pb_bg_layout_light et_pb_module et_flex_module preset--module--divi-text--default\"><div class=\"et_pb_text_inner\"><h6>Jueves<\/h6>\n<\/div><\/div>\n\n<div class=\"et_pb_text_21 et_pb_text et_pb_bg_layout_light et_pb_module et_flex_module preset--group--divi-text--divi-css--f6795r8i9t preset--module--divi-text--default\"><div class=\"et_pb_text_inner\"><p><strong>SANT JOSEP - POBLENOU<\/strong><br \/>Passeig Germanies \u2028(lado del CEAM)<\/p>\n<\/div><\/div>\n\n<div class=\"et_pb_text_22 et_pb_text et_pb_bg_layout_light et_pb_module et_flex_module preset--module--divi-text--default\"><div class=\"et_pb_text_inner\"><p>Del 16 de junio al 14 de septiembre<\/p>\n<\/div><\/div>\n\n<div class=\"et_pb_text_23 et_pb_text et_pb_bg_layout_light et_pb_module et_flex_module preset--module--divi-text--default\"><div class=\"et_pb_text_inner\"><p>De 10 a 12 h<\/p>\n<\/div><\/div>\n\n<div class=\"et_pb_text_24 et_pb_text et_pb_bg_layout_light et_pb_module et_flex_module preset--module--divi-text--default\"><div class=\"et_pb_text_inner\"><p>Del 16 de junio al 14 de septiembre<\/p>\n<\/div><\/div>\n\n<div class=\"et_pb_text_25 et_pb_text et_pb_bg_layout_light et_pb_module et_flex_module preset--module--divi-text--default\"><div class=\"et_pb_text_inner\"><p>De 8 a 10 h<\/p>\n<\/div><\/div>\n<\/div>\n<\/div>\n\n<div class=\"et_pb_column_11 et_pb_column et-last-child et_flex_column et_pb_css_mix_blend_mode_passthrough et_flex_column_1_5 et_flex_column_12_24_tablet et_flex_column_24_24_phone preset--module--divi-column--default\">\n<div class=\"et_pb_group_3 et_pb_group et-last-child et_pb_module et_flex_group et_pb_css_mix_blend_mode_passthrough\">\n<div class=\"et_pb_text_26 et_pb_text et_pb_bg_layout_light et_pb_module et_flex_module preset--module--divi-text--default\"><div class=\"et_pb_text_inner\"><h6>Viernes<\/h6>\n<\/div><\/div>\n\n<div class=\"et_pb_text_27 et_pb_text et_pb_bg_layout_light et_pb_module et_flex_module preset--group--divi-text--divi-css--f6795r8i9t preset--module--divi-text--default\"><div class=\"et_pb_text_inner\"><p><strong>SANT RAFAEL<\/strong><br \/>Delante IES Pou Clar \u2028Av. Vicent Giron\u00e8s <\/p>\n<\/div><\/div>\n\n<div class=\"et_pb_text_28 et_pb_text et_pb_bg_layout_light et_pb_module et_flex_module preset--module--divi-text--default\"><div class=\"et_pb_text_inner\"><p>Del 16 de junio al 14 de septiembre<\/p>\n<\/div><\/div>\n\n<div class=\"et_pb_text_29 et_pb_text et_pb_bg_layout_light et_pb_module et_flex_module preset--module--divi-text--default\"><div class=\"et_pb_text_inner\"><p>De 10 a 14 h y de 16 a 18 h<\/p>\n<\/div><\/div>\n\n<div class=\"et_pb_text_30 et_pb_text et_pb_bg_layout_light et_pb_module et_flex_module preset--module--divi-text--default\"><div class=\"et_pb_text_inner\"><p>Del 16 de junio al 15 de septiembre<\/p>\n<\/div><\/div>\n\n<div class=\"et_pb_text_31 et_pb_text et_pb_bg_layout_light et_pb_module et_flex_module preset--module--divi-text--default\"><div class=\"et_pb_text_inner\"><p>De 8 a 14 h<\/p>\n<\/div><\/div>\n<\/div>\n<\/div>\n<\/div>\n<\/div>","protected":false},"excerpt":{"rendered":"<p>En el ECOPARC puede llevar cualquier residuo especial o peligroso que no puede depositarse en ninguna de las fracciones ordinarias.<\/p>\n","protected":false},"author":1,"featured_media":1240,"parent":0,"menu_order":23,"comment_status":"closed","ping_status":"closed","template":"","meta":{"inline_featured_image":false,"footnotes":""},"class_list":["post-1241","page","type-page","status-publish","has-post-thumbnail","hentry"],"_links":{"self":[{"href":"https:\/\/www.ontinyentrecicla.es\/es\/wp-json\/wp\/v2\/pages\/1241","targetHints":{"allow":["GET"]}}],"collection":[{"href":"https:\/\/www.ontinyentrecicla.es\/es\/wp-json\/wp\/v2\/pages"}],"about":[{"href":"https:\/\/www.ontinyentrecicla.es\/es\/wp-json\/wp\/v2\/types\/page"}],"author":[{"embeddable":true,"href":"https:\/\/www.ontinyentrecicla.es\/es\/wp-json\/wp\/v2\/users\/1"}],"replies":[{"embeddable":true,"href":"https:\/\/www.ontinyentrecicla.es\/es\/wp-json\/wp\/v2\/comments?post=1241"}],"version-history":[{"count":1,"href":"https:\/\/www.ontinyentrecicla.es\/es\/wp-json\/wp\/v2\/pages\/1241\/revisions"}],"predecessor-version":[{"id":1243,"href":"https:\/\/www.ontinyentrecicla.es\/es\/wp-json\/wp\/v2\/pages\/1241\/revisions\/1243"}],"wp:featuredmedia":[{"embeddable":true,"href":"https:\/\/www.ontinyentrecicla.es\/es\/wp-json\/wp\/v2\/media\/1240"}],"wp:attachment":[{"href":"https:\/\/www.ontinyentrecicla.es\/es\/wp-json\/wp\/v2\/media?parent=1241"}],"curies":[{"name":"wp","href":"https:\/\/api.w.org\/{rel}","templated":true}]}}