{"id":1237,"date":"2026-04-20T13:45:12","date_gmt":"2026-04-20T11:45:12","guid":{"rendered":"https:\/\/www.ontinyentrecicla.es\/poda\/"},"modified":"2026-04-22T08:57:57","modified_gmt":"2026-04-22T06:57:57","slug":"poda","status":"publish","type":"page","link":"https:\/\/www.ontinyentrecicla.es\/es\/poda\/","title":{"rendered":"Poda"},"content":{"rendered":"<div class=\"et_pb_section_0 et_pb_section et_section_regular et_flex_section preset--module--divi-section--56gyewhcdb\">\n<div class=\"et_pb_row_0 et_pb_row et_flex_row\">\n<div class=\"et_pb_column_0 et_pb_column et_flex_column et_pb_css_mix_blend_mode_passthrough et_flex_column_12_24 et_flex_column_12_24_tablet et_flex_column_24_24_phone preset--module--divi-column--default\">\n<div class=\"et_pb_text_0 et_pb_text et_pb_bg_layout_light et_pb_module et_flex_module preset--group--divi-text--divi-css--f6795r8i9t preset--module--divi-text--default\"><div class=\"et_pb_text_inner\"><h1>Poda<\/h1>\n<\/div><\/div>\n\n<div class=\"et_pb_text_1 et_pb_text et_pb_bg_layout_light et_pb_module et_flex_module preset--group--divi-text--divi-css--f6795r8i9t preset--module--divi-text--default\"><div class=\"et_pb_text_inner\"><p data-start=\"47\" data-end=\"443\">La poda y otros residuos de jardiner\u00eda de gran tama\u00f1o y de tipo le\u00f1oso se pueden gestionar de diferentes maneras. En las zonas urbanas -n\u00facleo urbano, pol\u00edgonos y urbanizaciones del Pilar y las Aguas- se puede solicitar la recogida puerta a puerta con sacas de rafia de 1 m\u00b3. En el diseminado, se puede solicitar el servicio gratuito de triturado in situ. En ambos casos, es necesario concertar el servicio previamente.   <\/p>\n<p data-start=\"445\" data-end=\"610\">Adem\u00e1s, estos residuos tambi\u00e9n se pueden llevar al ecoparque fijo o m\u00f3vil, y se puede solicitar el pr\u00e9stamo de biotrituradoras dom\u00e9sticas para probar su funcionamiento.<\/p>\n<\/div><\/div>\n<\/div>\n\n<div class=\"et_pb_column_1 et_pb_column et-last-child et_flex_column et_pb_css_mix_blend_mode_passthrough et_flex_column_12_24 et_flex_column_12_24_tablet et_flex_column_24_24_phone preset--module--divi-column--default\">\n<div class=\"et_pb_image_0 et_pb_image et_pb_image_sticky et_pb_module et_flex_module\"><span class=\"et_pb_image_wrap\"><img loading=\"lazy\" decoding=\"async\" src=\"https:\/\/www.ontinyentrecicla.es\/wp-content\/uploads\/2026\/04\/servei-recollida-poda.jpg\" title=\"servei-recollida-poda\" width=\"1000\" height=\"1150\" srcset=\"https:\/\/www.ontinyentrecicla.es\/wp-content\/uploads\/2026\/04\/servei-recollida-poda.jpg 1000w, https:\/\/www.ontinyentrecicla.es\/wp-content\/uploads\/2026\/04\/servei-recollida-poda-980x1127.jpg 980w, https:\/\/www.ontinyentrecicla.es\/wp-content\/uploads\/2026\/04\/servei-recollida-poda-480x552.jpg 480w\" sizes=\"(min-width: 0px) and (max-width: 480px) 480px, (min-width: 481px) and (max-width: 980px) 980px, (min-width: 981px) 1000px, 100vw\" class=\"wp-image-1090\" \/><\/span><\/div>\n\n<div class=\"et_pb_image_1 et_pb_image et_pb_image_sticky et_pb_module et_flex_module\"><span class=\"et_pb_image_wrap\"><img loading=\"lazy\" decoding=\"async\" src=\"https:\/\/www.ontinyentrecicla.es\/wp-content\/uploads\/2026\/04\/servei-recollida-poda-ilust.svg\" title=\"servei-recollida-poda-ilust\" width=\"0\" height=\"0\" srcset=\"https:\/\/www.ontinyentrecicla.es\/wp-content\/uploads\/2026\/04\/servei-recollida-poda-ilust.svg 0w\" class=\"wp-image-1091\" \/><\/span><\/div>\n<\/div>\n<\/div>\n<\/div>\n\n<div class=\"et_pb_section_1 et_pb_section et_section_regular et_flex_section\">\n<div class=\"et_pb_row_1 et_pb_row et_flex_row\">\n<div class=\"et_pb_column_2 et_pb_column et-last-child et_flex_column et_pb_css_mix_blend_mode_passthrough et_flex_column_24_24 et_flex_column_24_24_tablet et_flex_column_24_24_phone preset--module--divi-column--default\">\n<div class=\"et_pb_text_2 et_pb_text et_pb_bg_layout_light et_pb_module et_flex_module preset--module--divi-text--default\"><div class=\"et_pb_text_inner\"><div class=\"et_pb_text_35 et_pb_text et_pb_bg_layout_light et_pb_module et_flex_module preset--group--divi-text--divi-css--f6795r8i9t preset--module--divi-text--default\">\n<div class=\"et_pb_text_inner\">\n<h5>La poda y otros residuos de jardiner\u00eda de gran tama\u00f1o y de tipo le\u00f1oso (no asimilables a la fracci\u00f3n org\u00e1nica) se pueden gestionar:<\/h5>\n<\/div>\n<\/div>\n<\/div><\/div>\n<\/div>\n<\/div>\n\n<div class=\"et_pb_row_2 et_pb_row et_flex_row\">\n<div class=\"et_pb_column_3 et_pb_column et_flex_column et_pb_css_mix_blend_mode_passthrough et_flex_column_12_24 et_flex_column_12_24_tablet et_flex_column_24_24_phone preset--module--divi-column--default\">\n<div class=\"et_pb_text_3 et_pb_text et_pb_bg_layout_light et_pb_module et_flex_module preset--module--divi-text--default\"><div class=\"et_pb_text_inner\"><ul>\n<li>Solicitando la recogida puerta a puerta mediante sacas de rafia de 1 m3. Este servicio es para las zonas urbanas (n\u00facleo urbano, pol\u00edgonos y urbanizaciones Pilar y Aig\u00fces)  La recogida es gratuita y debe concertarse previamente <strong><a href=\"https:\/\/web.ontinyent.es\/Poda\/\">clicando aqu\u00ed<\/a><\/strong>.<\/li>\n<\/ul>\n<\/div><\/div>\n<\/div>\n\n<div class=\"et_pb_column_4 et_pb_column et-last-child et_flex_column et_pb_css_mix_blend_mode_passthrough et_flex_column_12_24 et_flex_column_12_24_tablet et_flex_column_24_24_phone preset--module--divi-column--default\">\n<div class=\"et_pb_text_4 et_pb_text et_pb_bg_layout_light et_pb_module et_flex_module preset--module--divi-text--default\"><div class=\"et_pb_text_inner\"><ul>\n<li>Solicitando el servicio de <strong>triturado in situ<\/strong>. Este servicio es para el diseminado. El servicio es gratuito y debe concertarse previamente <strong><g id=\"gid_3\"><a href=\"https:\/\/web.ontinyent.es\/Poda\/\">clicando aqu\u00ed<\/a><\/g><\/strong>.  <\/li>\n<li>Llevando los residuos al <strong>ecoparque fijo o m\u00f3vil.<\/strong><\/li>\n<\/ul>\n<\/div><\/div>\n<\/div>\n<\/div>\n\n<div class=\"et_pb_row_3 et_pb_row et_flex_row\">\n<div class=\"et_pb_column_5 et_pb_column et-last-child et_flex_column et_pb_css_mix_blend_mode_passthrough et_flex_column_24_24 et_flex_column_24_24_tablet et_flex_column_24_24_phone preset--module--divi-column--default\">\n<div class=\"et_pb_text_5 et_pb_text et_pb_bg_layout_light et_pb_module et_flex_module preset--module--divi-text--default\"><div class=\"et_pb_text_inner\"><p><span style=\"font-size: 17px;\">Adem\u00e1s puedes solicitar el pr\u00e9stamo de biotrituradoras dom\u00e9sticas para probar su funcionamiento.<\/span><\/p>\n<p>Para m\u00e1s informaci\u00f3n: <a href=\"https:\/\/www.ontinyent.es\/es\/pagina\/alternativas-sin-humo-residuos-poda\">https:\/\/www.ontinyent.es\/es\/pagina\/alternativas-sin-humo-residuos-poda<\/a><\/p>\n<p>La recogida es gratuita y debe concertarse previamente <a href=\"https:\/\/web.ontinyent.es\/Poda\/\">clicando aqu\u00ed<\/a>.<\/p>\n<\/div><\/div>\n<\/div>\n<\/div>\n<\/div>","protected":false},"excerpt":{"rendered":"<p>\u00bfC\u00f3mo gestionar la poda y otros residuos de jardiner\u00eda de gran tama\u00f1o y de tipo le\u00f1oso?<\/p>\n","protected":false},"author":1,"featured_media":1236,"parent":0,"menu_order":13,"comment_status":"closed","ping_status":"closed","template":"","meta":{"inline_featured_image":false,"footnotes":""},"class_list":["post-1237","page","type-page","status-publish","has-post-thumbnail","hentry"],"_links":{"self":[{"href":"https:\/\/www.ontinyentrecicla.es\/es\/wp-json\/wp\/v2\/pages\/1237","targetHints":{"allow":["GET"]}}],"collection":[{"href":"https:\/\/www.ontinyentrecicla.es\/es\/wp-json\/wp\/v2\/pages"}],"about":[{"href":"https:\/\/www.ontinyentrecicla.es\/es\/wp-json\/wp\/v2\/types\/page"}],"author":[{"embeddable":true,"href":"https:\/\/www.ontinyentrecicla.es\/es\/wp-json\/wp\/v2\/users\/1"}],"replies":[{"embeddable":true,"href":"https:\/\/www.ontinyentrecicla.es\/es\/wp-json\/wp\/v2\/comments?post=1237"}],"version-history":[{"count":2,"href":"https:\/\/www.ontinyentrecicla.es\/es\/wp-json\/wp\/v2\/pages\/1237\/revisions"}],"predecessor-version":[{"id":1255,"href":"https:\/\/www.ontinyentrecicla.es\/es\/wp-json\/wp\/v2\/pages\/1237\/revisions\/1255"}],"wp:featuredmedia":[{"embeddable":true,"href":"https:\/\/www.ontinyentrecicla.es\/es\/wp-json\/wp\/v2\/media\/1236"}],"wp:attachment":[{"href":"https:\/\/www.ontinyentrecicla.es\/es\/wp-json\/wp\/v2\/media?parent=1237"}],"curies":[{"name":"wp","href":"https:\/\/api.w.org\/{rel}","templated":true}]}}