{"id":1233,"date":"2026-04-20T13:46:56","date_gmt":"2026-04-20T11:46:56","guid":{"rendered":"https:\/\/www.ontinyentrecicla.es\/voluminosos\/"},"modified":"2026-04-21T20:40:20","modified_gmt":"2026-04-21T18:40:20","slug":"voluminosos","status":"publish","type":"page","link":"https:\/\/www.ontinyentrecicla.es\/es\/voluminosos\/","title":{"rendered":"Voluminosos"},"content":{"rendered":"<div class=\"et_pb_section_0 et_pb_section et_section_regular et_flex_section preset--module--divi-section--56gyewhcdb\">\n<div class=\"et_pb_row_0 et_pb_row et_flex_row\">\n<div class=\"et_pb_column_0 et_pb_column et_flex_column et_pb_css_mix_blend_mode_passthrough et_flex_column_12_24 et_flex_column_12_24_tablet et_flex_column_24_24_phone preset--module--divi-column--default\">\n<div class=\"et_pb_text_0 et_pb_text et_pb_bg_layout_light et_pb_module et_flex_module preset--group--divi-text--divi-css--f6795r8i9t preset--module--divi-text--default\"><div class=\"et_pb_text_inner\"><h1>Voluminosos<\/h1>\n<\/div><\/div>\n\n<div class=\"et_pb_text_1 et_pb_text et_pb_bg_layout_light et_pb_module et_flex_module preset--group--divi-text--divi-css--f6795r8i9t preset--module--divi-text--default\"><div class=\"et_pb_text_inner\"><p data-start=\"30\" data-end=\"183\" style=\"text-align: left;\">La recogida de voluminosos es un servicio gratuito dirigido exclusivamente a usuarios dom\u00e9sticos, que se realiza dos d\u00edas a la semana previa solicitud.<\/p>\n<p data-start=\"185\" data-end=\"361\">La recogida se puede pedir a trav\u00e9s de la app Ontinyent Recicla o llamando al 692 810 691. Los voluminosos deben dejarse delante del portal el d\u00eda y la hora acordados. <\/p>\n<p data-start=\"363\" data-end=\"514\" data-is-last-node=\"\" data-is-only-node=\"\">Por vivienda, se recoger\u00e1n entre 3 y 5 voluminosos, seg\u00fan sus caracter\u00edsticas. Si quieren retirarse m\u00e1s, hay que llevarlos al ecoparque. <\/p>\n<\/div><\/div>\n<\/div>\n\n<div class=\"et_pb_column_1 et_pb_column et-last-child et_flex_column et_pb_css_mix_blend_mode_passthrough et_flex_column_12_24 et_flex_column_12_24_tablet et_flex_column_24_24_phone preset--module--divi-column--default\">\n<div class=\"et_pb_image_0 et_pb_image et_pb_image_sticky et_pb_module et_flex_module\"><span class=\"et_pb_image_wrap\"><img loading=\"lazy\" decoding=\"async\" src=\"https:\/\/www.ontinyentrecicla.es\/wp-content\/uploads\/2026\/04\/servei-recollida-voluminosos.jpg\" title=\"servei-recollida-voluminosos\" width=\"1000\" height=\"1150\" srcset=\"https:\/\/www.ontinyentrecicla.es\/wp-content\/uploads\/2026\/04\/servei-recollida-voluminosos.jpg 1000w, https:\/\/www.ontinyentrecicla.es\/wp-content\/uploads\/2026\/04\/servei-recollida-voluminosos-980x1127.jpg 980w, https:\/\/www.ontinyentrecicla.es\/wp-content\/uploads\/2026\/04\/servei-recollida-voluminosos-480x552.jpg 480w\" sizes=\"(min-width: 0px) and (max-width: 480px) 480px, (min-width: 481px) and (max-width: 980px) 980px, (min-width: 981px) 1000px, 100vw\" class=\"wp-image-1082\" \/><\/span><\/div>\n\n<div class=\"et_pb_image_1 et_pb_image et_pb_image_sticky et_pb_module et_flex_module\"><span class=\"et_pb_image_wrap\"><img loading=\"lazy\" decoding=\"async\" src=\"https:\/\/www.ontinyentrecicla.es\/wp-content\/uploads\/2026\/04\/servei-recollida-voluminosos-ilust.svg\" title=\"servei-recollida-voluminosos-ilust\" width=\"0\" height=\"0\" srcset=\"https:\/\/www.ontinyentrecicla.es\/wp-content\/uploads\/2026\/04\/servei-recollida-voluminosos-ilust.svg 0w\" class=\"wp-image-1083\" \/><\/span><\/div>\n<\/div>\n<\/div>\n<\/div>\n\n<div class=\"et_pb_section_1 et_pb_section et_section_regular et_flex_section\">\n<div class=\"et_pb_row_1 et_pb_row et_flex_row\">\n<div class=\"et_pb_column_2 et_pb_column et-last-child et_flex_column et_pb_css_mix_blend_mode_passthrough et_flex_column_24_24 et_flex_column_24_24_tablet et_flex_column_24_24_phone preset--module--divi-column--default\">\n<div class=\"et_pb_text_2 et_pb_text et_pb_bg_layout_light et_pb_module et_flex_module preset--module--divi-text--default\"><div class=\"et_pb_text_inner\"><p>La recogida de voluminosos es <strong>exclusiva para usuarios de puerta a puerta.<\/strong><br \/>La recogida de voluminosos se har\u00e1 <strong>dos d\u00edas a la semana, es gratuita y es necesario solicitarla previamente.<\/strong><\/p>\n<\/div><\/div>\n<\/div>\n<\/div>\n\n<div class=\"et_pb_row_2 et_pb_row et_flex_row\">\n<div class=\"et_pb_column_3 et_pb_column et-last-child et_flex_column et_pb_css_mix_blend_mode_passthrough et_flex_column_24_24 et_flex_column_24_24_tablet et_flex_column_24_24_phone preset--module--divi-column--default\">\n<div class=\"et_pb_text_3 et_pb_text et_pb_bg_layout_light et_pb_module et_flex_module preset--module--divi-text--default\"><div class=\"et_pb_text_inner\"><div class=\"et_pb_text_35 et_pb_text et_pb_bg_layout_light et_pb_module et_flex_module preset--group--divi-text--divi-css--f6795r8i9t preset--module--divi-text--default\">\n<div class=\"et_pb_text_inner\">\n<h5>C\u00f3mo solicitar<br \/>la recogida de voluminosos:<\/h5>\n<\/div>\n<\/div>\n<\/div><\/div>\n\n<div class=\"et_pb_text_4 et_pb_text et_pb_bg_layout_light et_pb_module et_flex_module preset--module--divi-text--default\"><div class=\"et_pb_text_inner\"><p>A trav\u00e9s de la app <a href=\"https:\/\/www.ontinyentrecicla.es\/es\/la-app-ontinyentrecicla\/\">OntinyentRecicla<\/a>.<\/p>\n<p>Llamando al 692 810 691.<\/p>\n<p>Los voluminosos deben dejarse ante el portal el d\u00eda y la hora acordados.<br \/>Recuerda que s\u00f3lo se recoger\u00e1n entre 3-5 segundos las caracter\u00edsticas de los voluminosos por vivienda. Por cantidades mayores es necesario llevarlo al <a href=\"https:\/\/www.ontinyentrecicla.es\/es\/sistema-de-recogida\/#desp-deixalleria\">ECOPARQUE<\/a>. <\/p>\n<\/div><\/div>\n<\/div>\n<\/div>\n<\/div>","protected":false},"excerpt":{"rendered":"<p>La recogida de voluminosos es exclusiva para usuarios dom\u00e9sticos. La recogida de voluminosos se har\u00e1 dos d\u00edas a la semana, es gratuita y es necesario solicitarla previamente. <\/p>\n","protected":false},"author":1,"featured_media":1232,"parent":0,"menu_order":19,"comment_status":"closed","ping_status":"closed","template":"","meta":{"inline_featured_image":false,"footnotes":""},"class_list":["post-1233","page","type-page","status-publish","has-post-thumbnail","hentry"],"_links":{"self":[{"href":"https:\/\/www.ontinyentrecicla.es\/es\/wp-json\/wp\/v2\/pages\/1233","targetHints":{"allow":["GET"]}}],"collection":[{"href":"https:\/\/www.ontinyentrecicla.es\/es\/wp-json\/wp\/v2\/pages"}],"about":[{"href":"https:\/\/www.ontinyentrecicla.es\/es\/wp-json\/wp\/v2\/types\/page"}],"author":[{"embeddable":true,"href":"https:\/\/www.ontinyentrecicla.es\/es\/wp-json\/wp\/v2\/users\/1"}],"replies":[{"embeddable":true,"href":"https:\/\/www.ontinyentrecicla.es\/es\/wp-json\/wp\/v2\/comments?post=1233"}],"version-history":[{"count":1,"href":"https:\/\/www.ontinyentrecicla.es\/es\/wp-json\/wp\/v2\/pages\/1233\/revisions"}],"predecessor-version":[{"id":1235,"href":"https:\/\/www.ontinyentrecicla.es\/es\/wp-json\/wp\/v2\/pages\/1233\/revisions\/1235"}],"wp:featuredmedia":[{"embeddable":true,"href":"https:\/\/www.ontinyentrecicla.es\/es\/wp-json\/wp\/v2\/media\/1232"}],"wp:attachment":[{"href":"https:\/\/www.ontinyentrecicla.es\/es\/wp-json\/wp\/v2\/media?parent=1233"}],"curies":[{"name":"wp","href":"https:\/\/api.w.org\/{rel}","templated":true}]}}